{"id":3054,"date":"2022-01-25T15:43:47","date_gmt":"2022-01-25T15:43:47","guid":{"rendered":"https:\/\/cursosonline.sexducacion.com\/?page_id=3054"},"modified":"2022-01-25T15:43:47","modified_gmt":"2022-01-25T15:43:47","slug":"politica-de-cookies-2","status":"publish","type":"page","link":"https:\/\/cursosonline.sexducacion.com\/cat\/politica-de-cookies-2\/","title":{"rendered":"Pol\u00edtica de cookies"},"content":{"rendered":"<p>[et_pb_section fb_built=&#8221;1&#8243; _builder_version=&#8221;4.14.1&#8243; _module_preset=&#8221;default&#8221; global_colors_info=&#8221;{}&#8221; theme_builder_area=&#8221;post_content&#8221;][et_pb_row _builder_version=&#8221;4.14.1&#8243; _module_preset=&#8221;default&#8221; global_colors_info=&#8221;{}&#8221; theme_builder_area=&#8221;post_content&#8221;][et_pb_column type=&#8221;4_4&#8243; _builder_version=&#8221;4.14.1&#8243; _module_preset=&#8221;default&#8221; global_colors_info=&#8221;{}&#8221; theme_builder_area=&#8221;post_content&#8221;][et_pb_text _builder_version=&#8221;4.14.1&#8243; _module_preset=&#8221;default&#8221; hover_enabled=&#8221;0&#8243; global_colors_info=&#8221;{}&#8221; theme_builder_area=&#8221;post_content&#8221; sticky_enabled=&#8221;0&#8243;]<\/p>\n<h1><span><strong>POL\u00cdTICA DE COOKIES<\/strong><\/span><\/h1>\n<p>&nbsp;<\/p>\n<p><strong><span>1.- \u00bfQue son las cookies?<\/span><\/strong><\/p>\n<p><span>Una cookie es un peque\u00f1o fichero de texto que se almacena en tu navegador cuando accedes a determinadas p\u00e1ginas web. La finalidad de ellas es que activar la memoria para que quede en su recuerdo cuando vuelvas a navegar por esa p\u00e1gina.<\/span><\/p>\n<p><span>Imagino que ser\u00e1s consciente de que tu navegaci\u00f3n por internet de las cosas implica unos h\u00e1bitos (visitar p\u00e1ginas web) y esos h\u00e1bitos muchas veces son conocidos por las personas que prestamos servicios en internet.\u00a0\u00a0\u00a0<\/span><\/p>\n<p><span>El problema no son las cookies, si no c\u00f3mo las gestionan las personas que prestan servicios y si lo comunican de una forma transparente y de f\u00e1cil comprensi\u00f3n a las usuarias y usuarios.<\/span><\/p>\n<p><span><em>El art\u00edculo 22.2) de la LSSI prev\u00e9 que:\u00a0 Los prestadores de servicios podr\u00e1n utilizar dispositivos de almacenamiento y recuperaci\u00f3n de datos en equipos terminales de los destinatarios, a condici\u00f3n de que los mismos hayan dado su consentimiento despu\u00e9s de que se les haya facilitado informaci\u00f3n clara y completa sobre su utilizaci\u00f3n, en particular, sobre los fines del tratamiento de los datos, con arreglo a lo dispuesto en la Ley Org\u00e1nica 15\/1999, de 13 de diciembre, de Protecci\u00f3n de Datos de Car\u00e1cter Personal. Cuando sea t\u00e9cnicamente posible y eficaz, el consentimiento del destinatario para aceptar el tratamiento de los datos podr\u00e1 facilitarse mediante el uso de los par\u00e1metros adecuados del navegador o de otras aplicaciones, siempre que aqu\u00e9l deba proceder a su configuraci\u00f3n durante su instalaci\u00f3n o actualizaci\u00f3n mediante una acci\u00f3n expresa a tal efecto. Lo anterior no impedir\u00e1 el posible almacenamiento o acceso de \u00edndole t\u00e9cnica al solo fin de efectuar la transmisi\u00f3n de una comunicaci\u00f3n por una red de comunicaciones electr\u00f3nicas o, en la medida que resulte estrictamente necesario, para la prestaci\u00f3n de un servicio de la sociedad de la informaci\u00f3n expresamente solicitado por el destinatario<\/em><\/span><\/p>\n<p><span>sexducacion es la titular y responsable del tratamiento de datos de la web\u00a0<a href=\"https:\/\/www.cursosonline.sexducacion.com\/\">www.cursosonline.sexducacion.com<\/a>.<\/span><\/p>\n<p><span>sexducacion trabaja para que los contenidos publicados o una parte de ellos al ser almacenados en otras website, no sea perjudicial en la protecci\u00f3n y privacidad de tus datos personales.<\/span><\/p>\n<p>&nbsp;<\/p>\n<p><span><strong>\u00a02.- Conoce que cookies emplea\u00a0<\/strong><a href=\"https:\/\/www.cursosonline.sexducacion.com\/\"><strong>www.cursosonline.sexducacion.com<\/strong><\/a><\/span><\/p>\n<p><span>La web www.sexducacion.com utiliza seis grupos de cookies que te detallo a continuaci\u00f3n:<\/span><\/p>\n<p><span>1.- cookies propias y tambi\u00e9n\u00a0<strong>cookies de terceros<\/strong>. La utilizaci\u00f3n de estas cuando navegues por nuestra web no revelar\u00e1 tu identidad (no estar\u00e1n asociadas a tus datos personales) y tampoco dar\u00e1n indicios sobre tu nombre y apellidos.<\/span><\/p>\n<p><span>1.-F\u00edjate las cookies propias, son aquellas que enviaremos a tu equipo ( tablet, ordenador mesa, ordenador port\u00e1til, smartphone, m\u00f3vil, iphone, etc.).\u00a0 Estas cookies las enviamos desde nuestro dominio y\/o equipo.<\/span><\/p>\n<p><span>2.-Las cookies de terceros son las que recibir\u00e1s en tus equipos o terminales desde un dominio o equipo que no son gestionados por sexducacion. Te las env\u00edan mailchimp.<\/span><\/p>\n<p><span>3.-Adem\u00e1s, si adquieres alguno de mis servicios de consulting, asesor\u00eda y\/o actividades formativas, se activar\u00e1n las cookies de sesi\u00f3n. Con ellas recabare y almacenar\u00e9 tus datos mientras dure la prestaci\u00f3n del servicio.<\/span><\/p>\n<p><span>4.-Cookies t\u00e9cnicas, con ellas permitimos que navegues por la web.<\/span><\/p>\n<p><span>Las cookies t\u00e9cnicas tambi\u00e9n las utilizamos cuando compartimos contenido a trav\u00e9s de cualquiera de las redes sociales que utilizamos.: Facebook e Instagram.<\/span><\/p>\n<p><span>5.-Cookies de Seguridad<strong>,\u00a0<\/strong>la web sexducacion.com,\u00a0las emplea para evitarte riesgos de seguridad. Principalmente para detectar cu\u00e1ndo alguien est\u00e1 intentando piratear la web.<\/span><\/p>\n<p><span>6.- Ya estamos en las \u00faltimas, las cookies de an\u00e1lisis. He dudado mucho sobre ellas, pero al final me he decidido.<\/span><\/p>\n<p><span>Te estas preguntando \u00bfpor qu\u00e9?<\/span><\/p>\n<p><span>He de confesarte que ha sido una decisi\u00f3n muy pensada y quien ha influido en ella, ha sido el grupo de trabajo del art\u00edculo 29) mira lo que ha manifestado:<\/span><\/p>\n<p><span>\u201crespecto al tratamiento de datos que hayan sido recabados a trav\u00e9s de las cookies de an\u00e1lisis, a pesar de que no est\u00e1n exentas del deber de obtener el consentimiento informado para su uso, es poco probable que representen un riesgo para la privacidad de las personas usuarias, siempre que se trate de cookies de primera parte que traten datos agregados con una finalidad estrictamente estad\u00edstica, que se facilite informaci\u00f3n sobre sus uso y se incluya la posibilidad de que los usuarios manifiesten su negativa sobre su utilizaci\u00f3n.\u201d<\/span><\/p>\n<p><span>Por ello, al no representar un riesgo para tu privacidad. He pensado que puedo mejorar los servicios que te ofrezco si las utilizo. As\u00ed podr\u00e9 introducir de forma peri\u00f3dica mejoras despu\u00e9s de haber analizado que contenidos te interesan m\u00e1s.<\/span><\/p>\n<p><span>Para ello me servir\u00e9 de Google Analytics. Este es un servicio anal\u00edtico prestado por Google por Google, Inc., compa\u00f1\u00eda de Delaware cuya oficina principal est\u00e1 en 1600 Amphitheatre Parkway, Mountain View (California), CA 94043, Estados Unidos (\u201cGoogle\u201d).<\/span><\/p>\n<p><span>Te animo a que consultes el tipo de cookies que utiliza Google\u00a0<a href=\"http:\/\/www.google.com\/intl\/es\/policies\/technologies\/types\/\">tipo de cookies utilizan<\/a><\/span><\/p>\n<p><span>Me hab\u00eda olvidado de explicarte que es el grupo de trabajo del art\u00edculo 29) es el grupo de trabajo europeo independiente que se ha ocupado de todas las cuestiones relacionadas con la protecci\u00f3n de la privacidad y los datos personales hasta el 25 de mayo de 2018.<\/span><\/p>\n<p><span><strong>3.- Cookies que sexducacion emplea en las redes sociales.<\/strong><\/span><\/p>\n<p><span>Sexducacion, utiliza tambi\u00e9n las redes sociales. Por eso voy a detallarte toda la informaci\u00f3n sobre las pol\u00edticas propias de cookies, de estas redes.<\/span><\/p>\n<p><span>3.a. -Cookies de Facebook, lee su\u00a0<a href=\"https:\/\/www.facebook.com\/policies\/cookies\/\">pol\u00edtica de cookies<\/a><\/span><\/p>\n<p><span>3.b.- Cookies de Instagram, lee su\u00a0<a href=\"https:\/\/es-la.facebook.com\/help\/instagram\/155833707900388\">pol\u00edtica de cookies<\/a><\/span><\/p>\n<p><span><\/span><\/p>\n<p><span><\/span><\/p>\n<h3><span>C\u00d3MO GESTIONAR LAS COOKIES<\/span><\/h3>\n<p><span><\/span><\/p>\n<p><span>Puedes gestionar las cookies a trav\u00e9s de la configuraci\u00f3n de tu navegador web:<\/span><\/p>\n<p><span>Cromo\u00a0<\/span><\/p>\n<p><span>Explorador de Internet.<\/span><\/p>\n<p><span>Firefox<\/span><\/p>\n<p><span>\u00d3pera\u00a0<\/span><\/p>\n<p><span>Bravo<\/span><\/p>\n<p><span><\/span><\/p>\n<p><span>Al acceder a la web sexeducaci\u00f3n se instalan en tu dispositivo las cookies que son esenciales para el funcionamiento de nuestra web.<\/span><span><\/span><\/p>\n<p><span>De todas formas, a trav\u00e9s del banner que encontrar\u00e1s puedes configurar las cookies.\u00a0<\/span><span>Sexducaci\u00f3n s\u00f3lo colocar\u00e1 las que hayas aceptado en el banner.\u00a0\u00a0<\/span><\/p>\n<p><span><\/span><\/p>\n<p><span><\/span><\/p>\n<h3><span>COOKIES DE TERCEROS<\/span><span><\/span><\/h3>\n<p><span><\/span><\/p>\n<p><span>SEXDUCACI\u00d3N tiene canal de YouTube e interact\u00faa en las redes sociales. Por ello al utilizar nuestra web puedes encontrar contenido incrustado en los videos de YouTube, este tipo de cookies son de terceros .<\/span><span><\/span><\/p>\n<p><span>Sexducacion te informa que las cookies de terceros no las establecemos nosotros y pueden almacenar una serie de informaci\u00f3n sobre tu comportamiento o tus h\u00e1bitos de navegaci\u00f3n.\u00a0\u00a0\u00a0<\/span><\/p>\n<p>[\/et_pb_text][\/et_pb_column][\/et_pb_row][\/et_pb_section]<\/p>\n","protected":false},"excerpt":{"rendered":"<p>POL\u00cdTICA DE COOKIES &nbsp; 1.- \u00bfQue son las cookies? Una cookie es un peque\u00f1o fichero de texto que se almacena en tu navegador cuando accedes a determinadas p\u00e1ginas web. La finalidad de ellas es que activar la memoria para que quede en su recuerdo cuando vuelvas a navegar por esa p\u00e1gina. Imagino que ser\u00e1s consciente [&hellip;]<\/p>\n","protected":false},"author":1,"featured_media":0,"parent":0,"menu_order":0,"comment_status":"closed","ping_status":"closed","template":"","meta":{"_et_pb_use_builder":"on","_et_pb_old_content":"","_et_gb_content_width":"","footnotes":""},"class_list":["post-3054","page","type-page","status-publish","hentry"],"yoast_head":"<!-- This site is optimized with the Yoast SEO plugin v27.4 - https:\/\/yoast.com\/product\/yoast-seo-wordpress\/ -->\n<title>Pol\u00edtica de cookies | Cursos Online Sexducacion<\/title>\n<meta name=\"robots\" content=\"index, follow, max-snippet:-1, max-image-preview:large, max-video-preview:-1\" \/>\n<link rel=\"canonical\" href=\"https:\/\/cursosonline.sexducacion.com\/cat\/politica-de-cookies-2\/\" \/>\n<meta property=\"og:locale\" content=\"ca_ES\" \/>\n<meta property=\"og:type\" content=\"article\" \/>\n<meta property=\"og:title\" content=\"Pol\u00edtica de cookies | Cursos Online Sexducacion\" \/>\n<meta property=\"og:description\" content=\"POL\u00cdTICA DE COOKIES &nbsp; 1.- \u00bfQue son las cookies? Una cookie es un peque\u00f1o fichero de texto que se almacena en tu navegador cuando accedes a determinadas p\u00e1ginas web. La finalidad de ellas es que activar la memoria para que quede en su recuerdo cuando vuelvas a navegar por esa p\u00e1gina. Imagino que ser\u00e1s consciente [&hellip;]\" \/>\n<meta property=\"og:url\" content=\"https:\/\/cursosonline.sexducacion.com\/cat\/politica-de-cookies-2\/\" \/>\n<meta property=\"og:site_name\" content=\"Cursos Online Sexducacion\" \/>\n<meta property=\"article:publisher\" content=\"https:\/\/www.facebook.com\/sexducacion\" \/>\n<meta name=\"twitter:card\" content=\"summary_large_image\" \/>\n<meta name=\"twitter:site\" content=\"@sexducacion\" \/>\n<meta name=\"twitter:label1\" content=\"Temps estimat de lectura\" \/>\n\t<meta name=\"twitter:data1\" content=\"6 minuts\" \/>\n<script type=\"application\/ld+json\" class=\"yoast-schema-graph\">{\"@context\":\"https:\\\/\\\/schema.org\",\"@graph\":[{\"@type\":\"WebPage\",\"@id\":\"https:\\\/\\\/cursosonline.sexducacion.com\\\/politica-de-cookies-2\\\/\",\"url\":\"https:\\\/\\\/cursosonline.sexducacion.com\\\/politica-de-cookies-2\\\/\",\"name\":\"Pol\u00edtica de cookies | Cursos Online Sexducacion\",\"isPartOf\":{\"@id\":\"https:\\\/\\\/cursosonline.sexducacion.com\\\/#website\"},\"datePublished\":\"2022-01-25T15:43:47+00:00\",\"breadcrumb\":{\"@id\":\"https:\\\/\\\/cursosonline.sexducacion.com\\\/politica-de-cookies-2\\\/#breadcrumb\"},\"inLanguage\":\"ca\",\"potentialAction\":[{\"@type\":\"ReadAction\",\"target\":[\"https:\\\/\\\/cursosonline.sexducacion.com\\\/politica-de-cookies-2\\\/\"]}]},{\"@type\":\"BreadcrumbList\",\"@id\":\"https:\\\/\\\/cursosonline.sexducacion.com\\\/politica-de-cookies-2\\\/#breadcrumb\",\"itemListElement\":[{\"@type\":\"ListItem\",\"position\":1,\"name\":\"Inicio\",\"item\":\"https:\\\/\\\/cursosonline.sexducacion.com\\\/\"},{\"@type\":\"ListItem\",\"position\":2,\"name\":\"Pol\u00edtica de cookies\"}]},{\"@type\":\"WebSite\",\"@id\":\"https:\\\/\\\/cursosonline.sexducacion.com\\\/#website\",\"url\":\"https:\\\/\\\/cursosonline.sexducacion.com\\\/\",\"name\":\"Cursos Online Sexducacion\",\"description\":\"Aqu\u00ed encontrar\u00e1s todos los cursos online de Sexducaci\u00f3n impartidos por Lupe Garc\u00eda.\",\"publisher\":{\"@id\":\"https:\\\/\\\/cursosonline.sexducacion.com\\\/#organization\"},\"potentialAction\":[{\"@type\":\"SearchAction\",\"target\":{\"@type\":\"EntryPoint\",\"urlTemplate\":\"https:\\\/\\\/cursosonline.sexducacion.com\\\/?s={search_term_string}\"},\"query-input\":{\"@type\":\"PropertyValueSpecification\",\"valueRequired\":true,\"valueName\":\"search_term_string\"}}],\"inLanguage\":\"ca\"},{\"@type\":\"Organization\",\"@id\":\"https:\\\/\\\/cursosonline.sexducacion.com\\\/#organization\",\"name\":\"Sexducacion Cursos Online\",\"url\":\"https:\\\/\\\/cursosonline.sexducacion.com\\\/\",\"logo\":{\"@type\":\"ImageObject\",\"inLanguage\":\"ca\",\"@id\":\"https:\\\/\\\/cursosonline.sexducacion.com\\\/#\\\/schema\\\/logo\\\/image\\\/\",\"url\":\"https:\\\/\\\/i0.wp.com\\\/cursosonline.sexducacion.com\\\/wp-content\\\/uploads\\\/2022\\\/02\\\/Recurso-5@2x.png?fit=1819%2C545&ssl=1\",\"contentUrl\":\"https:\\\/\\\/i0.wp.com\\\/cursosonline.sexducacion.com\\\/wp-content\\\/uploads\\\/2022\\\/02\\\/Recurso-5@2x.png?fit=1819%2C545&ssl=1\",\"width\":1819,\"height\":545,\"caption\":\"Sexducacion Cursos Online\"},\"image\":{\"@id\":\"https:\\\/\\\/cursosonline.sexducacion.com\\\/#\\\/schema\\\/logo\\\/image\\\/\"},\"sameAs\":[\"https:\\\/\\\/www.facebook.com\\\/sexducacion\",\"https:\\\/\\\/x.com\\\/sexducacion\",\"https:\\\/\\\/www.instagram.com\\\/sexducacion\\\/\",\"https:\\\/\\\/www.youtube.com\\\/channel\\\/UC-hN3q5SIaWqtgFOYL9rkTg\"]}]}<\/script>\n<!-- \/ Yoast SEO plugin. -->","yoast_head_json":{"title":"Pol\u00edtica de cookies | Cursos Online Sexducacion","robots":{"index":"index","follow":"follow","max-snippet":"max-snippet:-1","max-image-preview":"max-image-preview:large","max-video-preview":"max-video-preview:-1"},"canonical":"https:\/\/cursosonline.sexducacion.com\/cat\/politica-de-cookies-2\/","og_locale":"ca_ES","og_type":"article","og_title":"Pol\u00edtica de cookies | Cursos Online Sexducacion","og_description":"POL\u00cdTICA DE COOKIES &nbsp; 1.- \u00bfQue son las cookies? Una cookie es un peque\u00f1o fichero de texto que se almacena en tu navegador cuando accedes a determinadas p\u00e1ginas web. La finalidad de ellas es que activar la memoria para que quede en su recuerdo cuando vuelvas a navegar por esa p\u00e1gina. Imagino que ser\u00e1s consciente [&hellip;]","og_url":"https:\/\/cursosonline.sexducacion.com\/cat\/politica-de-cookies-2\/","og_site_name":"Cursos Online Sexducacion","article_publisher":"https:\/\/www.facebook.com\/sexducacion","twitter_card":"summary_large_image","twitter_site":"@sexducacion","twitter_misc":{"Temps estimat de lectura":"6 minuts"},"schema":{"@context":"https:\/\/schema.org","@graph":[{"@type":"WebPage","@id":"https:\/\/cursosonline.sexducacion.com\/politica-de-cookies-2\/","url":"https:\/\/cursosonline.sexducacion.com\/politica-de-cookies-2\/","name":"Pol\u00edtica de cookies | Cursos Online Sexducacion","isPartOf":{"@id":"https:\/\/cursosonline.sexducacion.com\/#website"},"datePublished":"2022-01-25T15:43:47+00:00","breadcrumb":{"@id":"https:\/\/cursosonline.sexducacion.com\/politica-de-cookies-2\/#breadcrumb"},"inLanguage":"ca","potentialAction":[{"@type":"ReadAction","target":["https:\/\/cursosonline.sexducacion.com\/politica-de-cookies-2\/"]}]},{"@type":"BreadcrumbList","@id":"https:\/\/cursosonline.sexducacion.com\/politica-de-cookies-2\/#breadcrumb","itemListElement":[{"@type":"ListItem","position":1,"name":"Inicio","item":"https:\/\/cursosonline.sexducacion.com\/"},{"@type":"ListItem","position":2,"name":"Pol\u00edtica de cookies"}]},{"@type":"WebSite","@id":"https:\/\/cursosonline.sexducacion.com\/#website","url":"https:\/\/cursosonline.sexducacion.com\/","name":"Cursos Online Sexducacion","description":"Aqu\u00ed encontrar\u00e1s todos los cursos online de Sexducaci\u00f3n impartidos por Lupe Garc\u00eda.","publisher":{"@id":"https:\/\/cursosonline.sexducacion.com\/#organization"},"potentialAction":[{"@type":"SearchAction","target":{"@type":"EntryPoint","urlTemplate":"https:\/\/cursosonline.sexducacion.com\/?s={search_term_string}"},"query-input":{"@type":"PropertyValueSpecification","valueRequired":true,"valueName":"search_term_string"}}],"inLanguage":"ca"},{"@type":"Organization","@id":"https:\/\/cursosonline.sexducacion.com\/#organization","name":"Sexducacion Cursos Online","url":"https:\/\/cursosonline.sexducacion.com\/","logo":{"@type":"ImageObject","inLanguage":"ca","@id":"https:\/\/cursosonline.sexducacion.com\/#\/schema\/logo\/image\/","url":"https:\/\/i0.wp.com\/cursosonline.sexducacion.com\/wp-content\/uploads\/2022\/02\/Recurso-5@2x.png?fit=1819%2C545&ssl=1","contentUrl":"https:\/\/i0.wp.com\/cursosonline.sexducacion.com\/wp-content\/uploads\/2022\/02\/Recurso-5@2x.png?fit=1819%2C545&ssl=1","width":1819,"height":545,"caption":"Sexducacion Cursos Online"},"image":{"@id":"https:\/\/cursosonline.sexducacion.com\/#\/schema\/logo\/image\/"},"sameAs":["https:\/\/www.facebook.com\/sexducacion","https:\/\/x.com\/sexducacion","https:\/\/www.instagram.com\/sexducacion\/","https:\/\/www.youtube.com\/channel\/UC-hN3q5SIaWqtgFOYL9rkTg"]}]}},"jetpack_sharing_enabled":true,"_links":{"self":[{"href":"https:\/\/cursosonline.sexducacion.com\/cat\/wp-json\/wp\/v2\/pages\/3054","targetHints":{"allow":["GET"]}}],"collection":[{"href":"https:\/\/cursosonline.sexducacion.com\/cat\/wp-json\/wp\/v2\/pages"}],"about":[{"href":"https:\/\/cursosonline.sexducacion.com\/cat\/wp-json\/wp\/v2\/types\/page"}],"author":[{"embeddable":true,"href":"https:\/\/cursosonline.sexducacion.com\/cat\/wp-json\/wp\/v2\/users\/1"}],"replies":[{"embeddable":true,"href":"https:\/\/cursosonline.sexducacion.com\/cat\/wp-json\/wp\/v2\/comments?post=3054"}],"version-history":[{"count":0,"href":"https:\/\/cursosonline.sexducacion.com\/cat\/wp-json\/wp\/v2\/pages\/3054\/revisions"}],"wp:attachment":[{"href":"https:\/\/cursosonline.sexducacion.com\/cat\/wp-json\/wp\/v2\/media?parent=3054"}],"curies":[{"name":"wp","href":"https:\/\/api.w.org\/{rel}","templated":true}]}}