{"id":4808,"date":"2022-06-09T10:16:48","date_gmt":"2022-06-09T08:16:48","guid":{"rendered":"https:\/\/cursosonline.sexducacion.com\/?page_id=4808"},"modified":"2022-06-09T10:18:40","modified_gmt":"2022-06-09T08:18:40","slug":"situacion-juridica","status":"publish","type":"page","link":"https:\/\/cursosonline.sexducacion.com\/cat\/situacion-juridica\/","title":{"rendered":"Situaci\u00f3 jur\u00eddica"},"content":{"rendered":"<p>[et_pb_section fb_built=&#8221;1&#8243; theme_builder_area=&#8221;post_content&#8221; _builder_version=&#8221;4.14.1&#8243; _module_preset=&#8221;default&#8221;][et_pb_row _builder_version=&#8221;4.14.1&#8243; _module_preset=&#8221;default&#8221; theme_builder_area=&#8221;post_content&#8221;][et_pb_column _builder_version=&#8221;4.14.1&#8243; _module_preset=&#8221;default&#8221; type=&#8221;4_4&#8243; theme_builder_area=&#8221;post_content&#8221;][et_pb_text _builder_version=&#8221;4.14.1&#8243; _module_preset=&#8221;default&#8221; theme_builder_area=&#8221;post_content&#8221; header_2_font_size=&#8221;35px&#8221; hover_enabled=&#8221;0&#8243; sticky_enabled=&#8221;0&#8243;]<\/p>\n<h2>Situaci\u00f3n jur\u00eddica<\/h2>\n<p>[\/et_pb_text][et_pb_text _builder_version=&#8221;4.14.1&#8243; _module_preset=&#8221;default&#8221; theme_builder_area=&#8221;post_content&#8221; link_text_color=&#8221;#F0B278&#8243; hover_enabled=&#8221;0&#8243; sticky_enabled=&#8221;0&#8243;]<\/p>\n<p><span>Asociaci\u00f3n registrada en\u00a0<strong>Registro Catal\u00e1n de Asociaciones\u00a0<\/strong>seg\u00fan la Ley 4\/2008, de 24 de abril del libro tercero del C\u00f3digo Civil de Catalunya, relativo a las personas jur\u00eddicas y la Ley Org\u00e1inica 1\/2002, de 22 de marzo reguladora de los derechos de asociaci\u00f3n y sus estatutos.\u00a0<\/span><\/p>\n<p><span><strong>Lupe Garc\u00eda Rodr\u00edguez,<\/strong>\u00a0Colegiada por el Colegio de Educadoras y Educadores Sociales de Catalunya\u00a0<strong>(CEESC)<\/strong>\u00a0con N\u00famero de colegiada:<strong>\u00a08145.<\/strong><\/span><\/p>\n<p><span>La Asociaci\u00f3n\u00a0<strong>pertenece a la AEPS<\/strong>\u00a0(<strong>Asociaci\u00f3n Estatal de Profesionales de la Sexolog\u00eda<\/strong>), siguiendo su\u00a0<em>c\u00f3digo deontol\u00f3gico<\/em>,\u00a0<em>respetando la confidencialidad del secreto profesional y el respeto a la intimidad de las personas<\/em>. N\u00famero de socia:<strong>\u00a0488.<\/strong><\/span><span><strong><\/strong><\/span><\/p>\n<p>Asociaci\u00f3n registrada en el Registro de Asociaciones del Ministerio del Interior del Estado espa\u00f1ol el 12 de junio de 2014.<\/p>\n<p><span>Sexducacion\u00a0<strong>pertenece a la\u00a0<a href=\"https:\/\/www.academia.cat\/\">Academia de Ciencias M\u00e9dicas y de la Salud de Catalu\u00f1a y Baleares\u00a0y a la\u00a0\u00a0Sociedad Catalana de Sexolog\u00eda.<\/a><\/strong><a href=\"https:\/\/www.sexologia.cat\/\"><\/a><\/span><\/p>\n<p>Sexducacion es<span>\u00a0<\/span><strong>miembro colaborador de la Asociaci\u00f3n Nacional de Salud Sexual y Discapacidad (ANSSYD) adscrita a la Federaci\u00f3n Espa\u00f1ola de Sociedades Sexol\u00f3gicas (FESS).<\/strong><\/p>\n<p>[\/et_pb_text][\/et_pb_column][\/et_pb_row][\/et_pb_section]<\/p>\n","protected":false},"excerpt":{"rendered":"<p>Situaci\u00f3n jur\u00eddicaAsociaci\u00f3n registrada en\u00a0Registro Catal\u00e1n de Asociaciones\u00a0seg\u00fan la Ley 4\/2008, de 24 de abril del libro tercero del C\u00f3digo Civil de Catalunya, relativo a las personas jur\u00eddicas y la Ley Org\u00e1inica 1\/2002, de 22 de marzo reguladora de los derechos de asociaci\u00f3n y sus estatutos.\u00a0 Lupe Garc\u00eda Rodr\u00edguez,\u00a0Colegiada por el Colegio de Educadoras y Educadores [&hellip;]<\/p>\n","protected":false},"author":1,"featured_media":0,"parent":0,"menu_order":0,"comment_status":"closed","ping_status":"closed","template":"","meta":{"_et_pb_use_builder":"on","_et_pb_old_content":"","_et_gb_content_width":"1080","footnotes":""},"class_list":["post-4808","page","type-page","status-publish","hentry"],"yoast_head":"<!-- This site is optimized with the Yoast SEO plugin v27.4 - https:\/\/yoast.com\/product\/yoast-seo-wordpress\/ -->\n<title>Situaci\u00f3n jur\u00eddica | Cursos Online Sexducacion<\/title>\n<meta name=\"robots\" content=\"index, follow, max-snippet:-1, max-image-preview:large, max-video-preview:-1\" \/>\n<link rel=\"canonical\" href=\"https:\/\/cursosonline.sexducacion.com\/cat\/situacion-juridica\/\" \/>\n<meta property=\"og:locale\" content=\"ca_ES\" \/>\n<meta property=\"og:type\" content=\"article\" \/>\n<meta property=\"og:title\" content=\"Situaci\u00f3n jur\u00eddica | Cursos Online Sexducacion\" \/>\n<meta property=\"og:description\" content=\"Situaci\u00f3n jur\u00eddicaAsociaci\u00f3n registrada en\u00a0Registro Catal\u00e1n de Asociaciones\u00a0seg\u00fan la Ley 4\/2008, de 24 de abril del libro tercero del C\u00f3digo Civil de Catalunya, relativo a las personas jur\u00eddicas y la Ley Org\u00e1inica 1\/2002, de 22 de marzo reguladora de los derechos de asociaci\u00f3n y sus estatutos.\u00a0 Lupe Garc\u00eda Rodr\u00edguez,\u00a0Colegiada por el Colegio de Educadoras y Educadores [&hellip;]\" \/>\n<meta property=\"og:url\" content=\"https:\/\/cursosonline.sexducacion.com\/cat\/situacion-juridica\/\" \/>\n<meta property=\"og:site_name\" content=\"Cursos Online Sexducacion\" \/>\n<meta property=\"article:publisher\" content=\"https:\/\/www.facebook.com\/sexducacion\" \/>\n<meta property=\"article:modified_time\" content=\"2022-06-09T08:18:40+00:00\" \/>\n<meta name=\"twitter:card\" content=\"summary_large_image\" \/>\n<meta name=\"twitter:site\" content=\"@sexducacion\" \/>\n<script type=\"application\/ld+json\" class=\"yoast-schema-graph\">{\"@context\":\"https:\\\/\\\/schema.org\",\"@graph\":[{\"@type\":\"WebPage\",\"@id\":\"https:\\\/\\\/cursosonline.sexducacion.com\\\/situacion-juridica\\\/\",\"url\":\"https:\\\/\\\/cursosonline.sexducacion.com\\\/situacion-juridica\\\/\",\"name\":\"Situaci\u00f3n jur\u00eddica | Cursos Online Sexducacion\",\"isPartOf\":{\"@id\":\"https:\\\/\\\/cursosonline.sexducacion.com\\\/#website\"},\"datePublished\":\"2022-06-09T08:16:48+00:00\",\"dateModified\":\"2022-06-09T08:18:40+00:00\",\"breadcrumb\":{\"@id\":\"https:\\\/\\\/cursosonline.sexducacion.com\\\/situacion-juridica\\\/#breadcrumb\"},\"inLanguage\":\"ca\",\"potentialAction\":[{\"@type\":\"ReadAction\",\"target\":[\"https:\\\/\\\/cursosonline.sexducacion.com\\\/situacion-juridica\\\/\"]}]},{\"@type\":\"BreadcrumbList\",\"@id\":\"https:\\\/\\\/cursosonline.sexducacion.com\\\/situacion-juridica\\\/#breadcrumb\",\"itemListElement\":[{\"@type\":\"ListItem\",\"position\":1,\"name\":\"Inicio\",\"item\":\"https:\\\/\\\/cursosonline.sexducacion.com\\\/\"},{\"@type\":\"ListItem\",\"position\":2,\"name\":\"Situaci\u00f3n jur\u00eddica\"}]},{\"@type\":\"WebSite\",\"@id\":\"https:\\\/\\\/cursosonline.sexducacion.com\\\/#website\",\"url\":\"https:\\\/\\\/cursosonline.sexducacion.com\\\/\",\"name\":\"Cursos Online Sexducacion\",\"description\":\"Aqu\u00ed encontrar\u00e1s todos los cursos online de Sexducaci\u00f3n impartidos por Lupe Garc\u00eda.\",\"publisher\":{\"@id\":\"https:\\\/\\\/cursosonline.sexducacion.com\\\/#organization\"},\"potentialAction\":[{\"@type\":\"SearchAction\",\"target\":{\"@type\":\"EntryPoint\",\"urlTemplate\":\"https:\\\/\\\/cursosonline.sexducacion.com\\\/?s={search_term_string}\"},\"query-input\":{\"@type\":\"PropertyValueSpecification\",\"valueRequired\":true,\"valueName\":\"search_term_string\"}}],\"inLanguage\":\"ca\"},{\"@type\":\"Organization\",\"@id\":\"https:\\\/\\\/cursosonline.sexducacion.com\\\/#organization\",\"name\":\"Sexducacion Cursos Online\",\"url\":\"https:\\\/\\\/cursosonline.sexducacion.com\\\/\",\"logo\":{\"@type\":\"ImageObject\",\"inLanguage\":\"ca\",\"@id\":\"https:\\\/\\\/cursosonline.sexducacion.com\\\/#\\\/schema\\\/logo\\\/image\\\/\",\"url\":\"https:\\\/\\\/i0.wp.com\\\/cursosonline.sexducacion.com\\\/wp-content\\\/uploads\\\/2022\\\/02\\\/Recurso-5@2x.png?fit=1819%2C545&ssl=1\",\"contentUrl\":\"https:\\\/\\\/i0.wp.com\\\/cursosonline.sexducacion.com\\\/wp-content\\\/uploads\\\/2022\\\/02\\\/Recurso-5@2x.png?fit=1819%2C545&ssl=1\",\"width\":1819,\"height\":545,\"caption\":\"Sexducacion Cursos Online\"},\"image\":{\"@id\":\"https:\\\/\\\/cursosonline.sexducacion.com\\\/#\\\/schema\\\/logo\\\/image\\\/\"},\"sameAs\":[\"https:\\\/\\\/www.facebook.com\\\/sexducacion\",\"https:\\\/\\\/x.com\\\/sexducacion\",\"https:\\\/\\\/www.instagram.com\\\/sexducacion\\\/\",\"https:\\\/\\\/www.youtube.com\\\/channel\\\/UC-hN3q5SIaWqtgFOYL9rkTg\"]}]}<\/script>\n<!-- \/ Yoast SEO plugin. -->","yoast_head_json":{"title":"Situaci\u00f3n jur\u00eddica | Cursos Online Sexducacion","robots":{"index":"index","follow":"follow","max-snippet":"max-snippet:-1","max-image-preview":"max-image-preview:large","max-video-preview":"max-video-preview:-1"},"canonical":"https:\/\/cursosonline.sexducacion.com\/cat\/situacion-juridica\/","og_locale":"ca_ES","og_type":"article","og_title":"Situaci\u00f3n jur\u00eddica | Cursos Online Sexducacion","og_description":"Situaci\u00f3n jur\u00eddicaAsociaci\u00f3n registrada en\u00a0Registro Catal\u00e1n de Asociaciones\u00a0seg\u00fan la Ley 4\/2008, de 24 de abril del libro tercero del C\u00f3digo Civil de Catalunya, relativo a las personas jur\u00eddicas y la Ley Org\u00e1inica 1\/2002, de 22 de marzo reguladora de los derechos de asociaci\u00f3n y sus estatutos.\u00a0 Lupe Garc\u00eda Rodr\u00edguez,\u00a0Colegiada por el Colegio de Educadoras y Educadores [&hellip;]","og_url":"https:\/\/cursosonline.sexducacion.com\/cat\/situacion-juridica\/","og_site_name":"Cursos Online Sexducacion","article_publisher":"https:\/\/www.facebook.com\/sexducacion","article_modified_time":"2022-06-09T08:18:40+00:00","twitter_card":"summary_large_image","twitter_site":"@sexducacion","schema":{"@context":"https:\/\/schema.org","@graph":[{"@type":"WebPage","@id":"https:\/\/cursosonline.sexducacion.com\/situacion-juridica\/","url":"https:\/\/cursosonline.sexducacion.com\/situacion-juridica\/","name":"Situaci\u00f3n jur\u00eddica | Cursos Online Sexducacion","isPartOf":{"@id":"https:\/\/cursosonline.sexducacion.com\/#website"},"datePublished":"2022-06-09T08:16:48+00:00","dateModified":"2022-06-09T08:18:40+00:00","breadcrumb":{"@id":"https:\/\/cursosonline.sexducacion.com\/situacion-juridica\/#breadcrumb"},"inLanguage":"ca","potentialAction":[{"@type":"ReadAction","target":["https:\/\/cursosonline.sexducacion.com\/situacion-juridica\/"]}]},{"@type":"BreadcrumbList","@id":"https:\/\/cursosonline.sexducacion.com\/situacion-juridica\/#breadcrumb","itemListElement":[{"@type":"ListItem","position":1,"name":"Inicio","item":"https:\/\/cursosonline.sexducacion.com\/"},{"@type":"ListItem","position":2,"name":"Situaci\u00f3n jur\u00eddica"}]},{"@type":"WebSite","@id":"https:\/\/cursosonline.sexducacion.com\/#website","url":"https:\/\/cursosonline.sexducacion.com\/","name":"Cursos Online Sexducacion","description":"Aqu\u00ed encontrar\u00e1s todos los cursos online de Sexducaci\u00f3n impartidos por Lupe Garc\u00eda.","publisher":{"@id":"https:\/\/cursosonline.sexducacion.com\/#organization"},"potentialAction":[{"@type":"SearchAction","target":{"@type":"EntryPoint","urlTemplate":"https:\/\/cursosonline.sexducacion.com\/?s={search_term_string}"},"query-input":{"@type":"PropertyValueSpecification","valueRequired":true,"valueName":"search_term_string"}}],"inLanguage":"ca"},{"@type":"Organization","@id":"https:\/\/cursosonline.sexducacion.com\/#organization","name":"Sexducacion Cursos Online","url":"https:\/\/cursosonline.sexducacion.com\/","logo":{"@type":"ImageObject","inLanguage":"ca","@id":"https:\/\/cursosonline.sexducacion.com\/#\/schema\/logo\/image\/","url":"https:\/\/i0.wp.com\/cursosonline.sexducacion.com\/wp-content\/uploads\/2022\/02\/Recurso-5@2x.png?fit=1819%2C545&ssl=1","contentUrl":"https:\/\/i0.wp.com\/cursosonline.sexducacion.com\/wp-content\/uploads\/2022\/02\/Recurso-5@2x.png?fit=1819%2C545&ssl=1","width":1819,"height":545,"caption":"Sexducacion Cursos Online"},"image":{"@id":"https:\/\/cursosonline.sexducacion.com\/#\/schema\/logo\/image\/"},"sameAs":["https:\/\/www.facebook.com\/sexducacion","https:\/\/x.com\/sexducacion","https:\/\/www.instagram.com\/sexducacion\/","https:\/\/www.youtube.com\/channel\/UC-hN3q5SIaWqtgFOYL9rkTg"]}]}},"jetpack_sharing_enabled":true,"_links":{"self":[{"href":"https:\/\/cursosonline.sexducacion.com\/cat\/wp-json\/wp\/v2\/pages\/4808","targetHints":{"allow":["GET"]}}],"collection":[{"href":"https:\/\/cursosonline.sexducacion.com\/cat\/wp-json\/wp\/v2\/pages"}],"about":[{"href":"https:\/\/cursosonline.sexducacion.com\/cat\/wp-json\/wp\/v2\/types\/page"}],"author":[{"embeddable":true,"href":"https:\/\/cursosonline.sexducacion.com\/cat\/wp-json\/wp\/v2\/users\/1"}],"replies":[{"embeddable":true,"href":"https:\/\/cursosonline.sexducacion.com\/cat\/wp-json\/wp\/v2\/comments?post=4808"}],"version-history":[{"count":0,"href":"https:\/\/cursosonline.sexducacion.com\/cat\/wp-json\/wp\/v2\/pages\/4808\/revisions"}],"wp:attachment":[{"href":"https:\/\/cursosonline.sexducacion.com\/cat\/wp-json\/wp\/v2\/media?parent=4808"}],"curies":[{"name":"wp","href":"https:\/\/api.w.org\/{rel}","templated":true}]}}