{"id":2703,"date":"2021-11-30T11:47:17","date_gmt":"2021-11-30T10:47:17","guid":{"rendered":"https:\/\/cursosonline.sexducacion.com\/?post_type=product&#038;p=2703"},"modified":"2026-01-19T12:42:29","modified_gmt":"2026-01-19T11:42:29","slug":"la-sexualidad-y-el-amor-en-la-educacion","status":"publish","type":"product","link":"https:\/\/cursosonline.sexducacion.com\/cat\/product\/la-sexualidad-y-el-amor-en-la-educacion\/","title":{"rendered":"La sexualitat i l'amor a l'educaci\u00f3"},"content":{"rendered":"","protected":false},"excerpt":{"rendered":"","protected":false},"featured_media":2981,"template":"","meta":{"_et_pb_use_builder":"","_et_pb_old_content":"","_et_gb_content_width":""},"product_brand":[],"product_cat":[43],"product_tag":[],"class_list":{"0":"post-2703","1":"product","2":"type-product","3":"status-publish","4":"has-post-thumbnail","6":"product_cat-cursos-online","8":"first","9":"instock","10":"virtual","11":"sold-individually","12":"taxable","13":"purchasable","14":"product-type-course"},"yoast_head":"<!-- This site is optimized with the Yoast SEO plugin v27.6 - https:\/\/yoast.com\/product\/yoast-seo-wordpress\/ -->\n<title>La sexualidad y el amor en la educaci\u00f3n | Cursos Online Sexducacion<\/title>\n<meta name=\"description\" content=\"Este curso con certificaci\u00f3n oficial ofrece una formaci\u00f3n b\u00e1sica en el abordaje de la educaci\u00f3n sexual y amorosa de ni\u00f1xs y j\u00f3venes.\" \/>\n<meta name=\"robots\" content=\"index, follow, max-snippet:-1, max-image-preview:large, max-video-preview:-1\" \/>\n<link rel=\"canonical\" href=\"https:\/\/cursosonline.sexducacion.com\/cat\/producte\/la-sexualidad-y-el-amor-en-la-educacion\/\" \/>\n<meta property=\"og:locale\" content=\"ca_ES\" \/>\n<meta property=\"og:type\" content=\"article\" \/>\n<meta property=\"og:title\" content=\"La sexualidad y el amor en la educaci\u00f3n | Cursos Online Sexducacion\" \/>\n<meta property=\"og:description\" content=\"Este curso con certificaci\u00f3n oficial ofrece una formaci\u00f3n b\u00e1sica en el abordaje de la educaci\u00f3n sexual y amorosa de ni\u00f1xs y j\u00f3venes.\" \/>\n<meta property=\"og:url\" content=\"https:\/\/cursosonline.sexducacion.com\/cat\/producte\/la-sexualidad-y-el-amor-en-la-educacion\/\" \/>\n<meta property=\"og:site_name\" content=\"Cursos Online Sexducacion\" \/>\n<meta property=\"article:publisher\" content=\"https:\/\/www.facebook.com\/sexducacion\" \/>\n<meta property=\"article:modified_time\" content=\"2026-01-19T11:42:29+00:00\" \/>\n<meta property=\"og:image\" content=\"https:\/\/cursosonline.sexducacion.com\/wp-content\/uploads\/2021\/12\/note-thanun-CYlPykF-qAM-unsplash-copia-scaled.jpg\" \/>\n\t<meta property=\"og:image:width\" content=\"2560\" \/>\n\t<meta property=\"og:image:height\" content=\"2560\" \/>\n\t<meta property=\"og:image:type\" content=\"image\/jpeg\" \/>\n<meta name=\"twitter:card\" content=\"summary_large_image\" \/>\n<meta name=\"twitter:site\" content=\"@sexducacion\" \/>\n<script type=\"application\/ld+json\" class=\"yoast-schema-graph\">{\"@context\":\"https:\\\/\\\/schema.org\",\"@graph\":[{\"@type\":\"WebPage\",\"@id\":\"https:\\\/\\\/cursosonline.sexducacion.com\\\/producto\\\/la-sexualidad-y-el-amor-en-la-educacion\\\/\",\"url\":\"https:\\\/\\\/cursosonline.sexducacion.com\\\/producto\\\/la-sexualidad-y-el-amor-en-la-educacion\\\/\",\"name\":\"La sexualidad y el amor en la educaci\u00f3n | Cursos Online Sexducacion\",\"isPartOf\":{\"@id\":\"https:\\\/\\\/cursosonline.sexducacion.com\\\/#website\"},\"primaryImageOfPage\":{\"@id\":\"https:\\\/\\\/cursosonline.sexducacion.com\\\/producto\\\/la-sexualidad-y-el-amor-en-la-educacion\\\/#primaryimage\"},\"image\":{\"@id\":\"https:\\\/\\\/cursosonline.sexducacion.com\\\/producto\\\/la-sexualidad-y-el-amor-en-la-educacion\\\/#primaryimage\"},\"thumbnailUrl\":\"https:\\\/\\\/i0.wp.com\\\/cursosonline.sexducacion.com\\\/wp-content\\\/uploads\\\/2021\\\/12\\\/note-thanun-CYlPykF-qAM-unsplash-copia-scaled.jpg?fit=2560%2C2560&ssl=1\",\"datePublished\":\"2021-11-30T10:47:17+00:00\",\"dateModified\":\"2026-01-19T11:42:29+00:00\",\"description\":\"Este curso con certificaci\u00f3n oficial ofrece una formaci\u00f3n b\u00e1sica en el abordaje de la educaci\u00f3n sexual y amorosa de ni\u00f1xs y j\u00f3venes.\",\"breadcrumb\":{\"@id\":\"https:\\\/\\\/cursosonline.sexducacion.com\\\/producto\\\/la-sexualidad-y-el-amor-en-la-educacion\\\/#breadcrumb\"},\"inLanguage\":\"ca\",\"potentialAction\":[{\"@type\":\"ReadAction\",\"target\":[\"https:\\\/\\\/cursosonline.sexducacion.com\\\/producto\\\/la-sexualidad-y-el-amor-en-la-educacion\\\/\"]}]},{\"@type\":\"ImageObject\",\"inLanguage\":\"ca\",\"@id\":\"https:\\\/\\\/cursosonline.sexducacion.com\\\/producto\\\/la-sexualidad-y-el-amor-en-la-educacion\\\/#primaryimage\",\"url\":\"https:\\\/\\\/i0.wp.com\\\/cursosonline.sexducacion.com\\\/wp-content\\\/uploads\\\/2021\\\/12\\\/note-thanun-CYlPykF-qAM-unsplash-copia-scaled.jpg?fit=2560%2C2560&ssl=1\",\"contentUrl\":\"https:\\\/\\\/i0.wp.com\\\/cursosonline.sexducacion.com\\\/wp-content\\\/uploads\\\/2021\\\/12\\\/note-thanun-CYlPykF-qAM-unsplash-copia-scaled.jpg?fit=2560%2C2560&ssl=1\",\"width\":2560,\"height\":2560},{\"@type\":\"BreadcrumbList\",\"@id\":\"https:\\\/\\\/cursosonline.sexducacion.com\\\/producto\\\/la-sexualidad-y-el-amor-en-la-educacion\\\/#breadcrumb\",\"itemListElement\":[{\"@type\":\"ListItem\",\"position\":1,\"name\":\"Inicio\",\"item\":\"https:\\\/\\\/cursosonline.sexducacion.com\\\/\"},{\"@type\":\"ListItem\",\"position\":2,\"name\":\"Cursos\",\"item\":\"https:\\\/\\\/cursosonline.sexducacion.com\\\/cursos\\\/\"},{\"@type\":\"ListItem\",\"position\":3,\"name\":\"La sexualidad y el amor en la educaci\u00f3n\"}]},{\"@type\":\"WebSite\",\"@id\":\"https:\\\/\\\/cursosonline.sexducacion.com\\\/#website\",\"url\":\"https:\\\/\\\/cursosonline.sexducacion.com\\\/\",\"name\":\"Cursos Online Sexducacion\",\"description\":\"Aqu\u00ed encontrar\u00e1s todos los cursos online de Sexducaci\u00f3n impartidos por Lupe Garc\u00eda.\",\"publisher\":{\"@id\":\"https:\\\/\\\/cursosonline.sexducacion.com\\\/#organization\"},\"potentialAction\":[{\"@type\":\"SearchAction\",\"target\":{\"@type\":\"EntryPoint\",\"urlTemplate\":\"https:\\\/\\\/cursosonline.sexducacion.com\\\/?s={search_term_string}\"},\"query-input\":{\"@type\":\"PropertyValueSpecification\",\"valueRequired\":true,\"valueName\":\"search_term_string\"}}],\"inLanguage\":\"ca\"},{\"@type\":\"Organization\",\"@id\":\"https:\\\/\\\/cursosonline.sexducacion.com\\\/#organization\",\"name\":\"Sexducacion Cursos Online\",\"url\":\"https:\\\/\\\/cursosonline.sexducacion.com\\\/\",\"logo\":{\"@type\":\"ImageObject\",\"inLanguage\":\"ca\",\"@id\":\"https:\\\/\\\/cursosonline.sexducacion.com\\\/#\\\/schema\\\/logo\\\/image\\\/\",\"url\":\"https:\\\/\\\/i0.wp.com\\\/cursosonline.sexducacion.com\\\/wp-content\\\/uploads\\\/2022\\\/02\\\/Recurso-5@2x.png?fit=1819%2C545&ssl=1\",\"contentUrl\":\"https:\\\/\\\/i0.wp.com\\\/cursosonline.sexducacion.com\\\/wp-content\\\/uploads\\\/2022\\\/02\\\/Recurso-5@2x.png?fit=1819%2C545&ssl=1\",\"width\":1819,\"height\":545,\"caption\":\"Sexducacion Cursos Online\"},\"image\":{\"@id\":\"https:\\\/\\\/cursosonline.sexducacion.com\\\/#\\\/schema\\\/logo\\\/image\\\/\"},\"sameAs\":[\"https:\\\/\\\/www.facebook.com\\\/sexducacion\",\"https:\\\/\\\/x.com\\\/sexducacion\",\"https:\\\/\\\/www.instagram.com\\\/sexducacion\\\/\",\"https:\\\/\\\/www.youtube.com\\\/channel\\\/UC-hN3q5SIaWqtgFOYL9rkTg\"]}]}<\/script>\n<!-- \/ Yoast SEO plugin. -->","yoast_head_json":{"title":"La sexualidad y el amor en la educaci\u00f3n | Cursos Online Sexducacion","description":"Este curso con certificaci\u00f3n oficial ofrece una formaci\u00f3n b\u00e1sica en el abordaje de la educaci\u00f3n sexual y amorosa de ni\u00f1xs y j\u00f3venes.","robots":{"index":"index","follow":"follow","max-snippet":"max-snippet:-1","max-image-preview":"max-image-preview:large","max-video-preview":"max-video-preview:-1"},"canonical":"https:\/\/cursosonline.sexducacion.com\/cat\/producte\/la-sexualidad-y-el-amor-en-la-educacion\/","og_locale":"ca_ES","og_type":"article","og_title":"La sexualidad y el amor en la educaci\u00f3n | Cursos Online Sexducacion","og_description":"Este curso con certificaci\u00f3n oficial ofrece una formaci\u00f3n b\u00e1sica en el abordaje de la educaci\u00f3n sexual y amorosa de ni\u00f1xs y j\u00f3venes.","og_url":"https:\/\/cursosonline.sexducacion.com\/cat\/producte\/la-sexualidad-y-el-amor-en-la-educacion\/","og_site_name":"Cursos Online Sexducacion","article_publisher":"https:\/\/www.facebook.com\/sexducacion","article_modified_time":"2026-01-19T11:42:29+00:00","og_image":[{"width":2560,"height":2560,"url":"https:\/\/cursosonline.sexducacion.com\/wp-content\/uploads\/2021\/12\/note-thanun-CYlPykF-qAM-unsplash-copia-scaled.jpg","type":"image\/jpeg"}],"twitter_card":"summary_large_image","twitter_site":"@sexducacion","schema":{"@context":"https:\/\/schema.org","@graph":[{"@type":"WebPage","@id":"https:\/\/cursosonline.sexducacion.com\/producto\/la-sexualidad-y-el-amor-en-la-educacion\/","url":"https:\/\/cursosonline.sexducacion.com\/producto\/la-sexualidad-y-el-amor-en-la-educacion\/","name":"La sexualidad y el amor en la educaci\u00f3n | Cursos Online Sexducacion","isPartOf":{"@id":"https:\/\/cursosonline.sexducacion.com\/#website"},"primaryImageOfPage":{"@id":"https:\/\/cursosonline.sexducacion.com\/producto\/la-sexualidad-y-el-amor-en-la-educacion\/#primaryimage"},"image":{"@id":"https:\/\/cursosonline.sexducacion.com\/producto\/la-sexualidad-y-el-amor-en-la-educacion\/#primaryimage"},"thumbnailUrl":"https:\/\/i0.wp.com\/cursosonline.sexducacion.com\/wp-content\/uploads\/2021\/12\/note-thanun-CYlPykF-qAM-unsplash-copia-scaled.jpg?fit=2560%2C2560&ssl=1","datePublished":"2021-11-30T10:47:17+00:00","dateModified":"2026-01-19T11:42:29+00:00","description":"Este curso con certificaci\u00f3n oficial ofrece una formaci\u00f3n b\u00e1sica en el abordaje de la educaci\u00f3n sexual y amorosa de ni\u00f1xs y j\u00f3venes.","breadcrumb":{"@id":"https:\/\/cursosonline.sexducacion.com\/producto\/la-sexualidad-y-el-amor-en-la-educacion\/#breadcrumb"},"inLanguage":"ca","potentialAction":[{"@type":"ReadAction","target":["https:\/\/cursosonline.sexducacion.com\/producto\/la-sexualidad-y-el-amor-en-la-educacion\/"]}]},{"@type":"ImageObject","inLanguage":"ca","@id":"https:\/\/cursosonline.sexducacion.com\/producto\/la-sexualidad-y-el-amor-en-la-educacion\/#primaryimage","url":"https:\/\/i0.wp.com\/cursosonline.sexducacion.com\/wp-content\/uploads\/2021\/12\/note-thanun-CYlPykF-qAM-unsplash-copia-scaled.jpg?fit=2560%2C2560&ssl=1","contentUrl":"https:\/\/i0.wp.com\/cursosonline.sexducacion.com\/wp-content\/uploads\/2021\/12\/note-thanun-CYlPykF-qAM-unsplash-copia-scaled.jpg?fit=2560%2C2560&ssl=1","width":2560,"height":2560},{"@type":"BreadcrumbList","@id":"https:\/\/cursosonline.sexducacion.com\/producto\/la-sexualidad-y-el-amor-en-la-educacion\/#breadcrumb","itemListElement":[{"@type":"ListItem","position":1,"name":"Inicio","item":"https:\/\/cursosonline.sexducacion.com\/"},{"@type":"ListItem","position":2,"name":"Cursos","item":"https:\/\/cursosonline.sexducacion.com\/cursos\/"},{"@type":"ListItem","position":3,"name":"La sexualidad y el amor en la educaci\u00f3n"}]},{"@type":"WebSite","@id":"https:\/\/cursosonline.sexducacion.com\/#website","url":"https:\/\/cursosonline.sexducacion.com\/","name":"Cursos Online Sexducacion","description":"Aqu\u00ed encontrar\u00e1s todos los cursos online de Sexducaci\u00f3n impartidos por Lupe Garc\u00eda.","publisher":{"@id":"https:\/\/cursosonline.sexducacion.com\/#organization"},"potentialAction":[{"@type":"SearchAction","target":{"@type":"EntryPoint","urlTemplate":"https:\/\/cursosonline.sexducacion.com\/?s={search_term_string}"},"query-input":{"@type":"PropertyValueSpecification","valueRequired":true,"valueName":"search_term_string"}}],"inLanguage":"ca"},{"@type":"Organization","@id":"https:\/\/cursosonline.sexducacion.com\/#organization","name":"Sexducacion Cursos Online","url":"https:\/\/cursosonline.sexducacion.com\/","logo":{"@type":"ImageObject","inLanguage":"ca","@id":"https:\/\/cursosonline.sexducacion.com\/#\/schema\/logo\/image\/","url":"https:\/\/i0.wp.com\/cursosonline.sexducacion.com\/wp-content\/uploads\/2022\/02\/Recurso-5@2x.png?fit=1819%2C545&ssl=1","contentUrl":"https:\/\/i0.wp.com\/cursosonline.sexducacion.com\/wp-content\/uploads\/2022\/02\/Recurso-5@2x.png?fit=1819%2C545&ssl=1","width":1819,"height":545,"caption":"Sexducacion Cursos Online"},"image":{"@id":"https:\/\/cursosonline.sexducacion.com\/#\/schema\/logo\/image\/"},"sameAs":["https:\/\/www.facebook.com\/sexducacion","https:\/\/x.com\/sexducacion","https:\/\/www.instagram.com\/sexducacion\/","https:\/\/www.youtube.com\/channel\/UC-hN3q5SIaWqtgFOYL9rkTg"]}]}},"jetpack_sharing_enabled":true,"_links":{"self":[{"href":"https:\/\/cursosonline.sexducacion.com\/cat\/wp-json\/wp\/v2\/product\/2703","targetHints":{"allow":["GET"]}}],"collection":[{"href":"https:\/\/cursosonline.sexducacion.com\/cat\/wp-json\/wp\/v2\/product"}],"about":[{"href":"https:\/\/cursosonline.sexducacion.com\/cat\/wp-json\/wp\/v2\/types\/product"}],"wp:featuredmedia":[{"embeddable":true,"href":"https:\/\/cursosonline.sexducacion.com\/cat\/wp-json\/wp\/v2\/media\/2981"}],"wp:attachment":[{"href":"https:\/\/cursosonline.sexducacion.com\/cat\/wp-json\/wp\/v2\/media?parent=2703"}],"wp:term":[{"taxonomy":"product_brand","embeddable":true,"href":"https:\/\/cursosonline.sexducacion.com\/cat\/wp-json\/wp\/v2\/product_brand?post=2703"},{"taxonomy":"product_cat","embeddable":true,"href":"https:\/\/cursosonline.sexducacion.com\/cat\/wp-json\/wp\/v2\/product_cat?post=2703"},{"taxonomy":"product_tag","embeddable":true,"href":"https:\/\/cursosonline.sexducacion.com\/cat\/wp-json\/wp\/v2\/product_tag?post=2703"}],"curies":[{"name":"wp","href":"https:\/\/api.w.org\/{rel}","templated":true}]}}