{"id":3036,"date":"2022-01-20T16:15:38","date_gmt":"2022-01-20T16:15:38","guid":{"rendered":"https:\/\/cursosonline.sexducacion.com\/?post_type=product&#038;p=3036"},"modified":"2022-03-16T10:40:00","modified_gmt":"2022-03-16T10:40:00","slug":"sex-o-no-sex","status":"publish","type":"product","link":"https:\/\/cursosonline.sexducacion.com\/cat\/product\/sex-o-no-sex\/","title":{"rendered":"Sex o no sex"},"content":{"rendered":"","protected":false},"excerpt":{"rendered":"<p>En el instituto donde trabajas rula un v\u00eddeo pornogr\u00e1fico entre el alumnado de 2\u00ba de la ESO.<br \/>\nA tu hija de 14 a\u00f1os se le cae un preservativo del bolsillo.<br \/>\nEn el campamento de verano \u201cpill\u00e1is\u201d a un chico y una chica durmiendo en la misma tienda.<br \/>\nEn tu instituto se ha difundido una foto de una alumna semi desnuda.<br \/>\nLa teva filla de 16 anys et planteja dormir amb el seu xicot a casa teva.<br \/>\nTu hijo de 15 a\u00f1os sale corriendo cada vez que quieres hablar de sexualidad con \u00e9l.<\/p>\n<p>Este tipo de situaciones se repiten con frecuencia en los institutos, espacios juveniles y ambientes familiares. A lo largo de estas 4 sesiones, reflexionaremos sobre nuestras propias actitudes a la hora de valorar y juzgar la sexualidad adolescente, facilitaremos conocimientos, informaci\u00f3n y claves que nos ayuden a acompa\u00f1ar la sexualidad de las persones adolescentes de manera respetuosa, placentera y libre de violencias. Al final de cada m\u00f3dulo aportaremos recursos y bibliograf\u00eda.<\/p>","protected":false},"featured_media":2984,"template":"","meta":{"_et_pb_use_builder":"","_et_pb_old_content":"","_et_gb_content_width":""},"product_brand":[],"product_cat":[43],"product_tag":[],"class_list":{"0":"post-3036","1":"product","2":"type-product","3":"status-publish","4":"has-post-thumbnail","6":"product_cat-cursos-online","8":"first","9":"instock","10":"virtual","11":"sold-individually","12":"taxable","13":"purchasable","14":"product-type-course"},"yoast_head":"<!-- This site is optimized with the Yoast SEO plugin v27.6 - https:\/\/yoast.com\/product\/yoast-seo-wordpress\/ -->\n<title>Sex o no sex | Cursos Online Sexducacion<\/title>\n<meta name=\"description\" content=\"Facilitaremos conocimientos, informaci\u00f3n y claves para acompa\u00f1ar la sexualidad de los adolescentes de manera respetuosa, placentera y libre de violencias.\" \/>\n<meta name=\"robots\" content=\"index, follow, max-snippet:-1, max-image-preview:large, max-video-preview:-1\" \/>\n<link rel=\"canonical\" href=\"https:\/\/cursosonline.sexducacion.com\/cat\/producte\/sex-o-no-sex\/\" \/>\n<meta property=\"og:locale\" content=\"ca_ES\" \/>\n<meta property=\"og:type\" content=\"article\" \/>\n<meta property=\"og:title\" content=\"Sex o no sex | Cursos Online Sexducacion\" \/>\n<meta property=\"og:description\" content=\"Facilitaremos conocimientos, informaci\u00f3n y claves para acompa\u00f1ar la sexualidad de los adolescentes de manera respetuosa, placentera y libre de violencias.\" \/>\n<meta property=\"og:url\" content=\"https:\/\/cursosonline.sexducacion.com\/cat\/producte\/sex-o-no-sex\/\" \/>\n<meta property=\"og:site_name\" content=\"Cursos Online Sexducacion\" \/>\n<meta property=\"article:publisher\" content=\"https:\/\/www.facebook.com\/sexducacion\" \/>\n<meta property=\"article:modified_time\" content=\"2022-03-16T10:40:00+00:00\" \/>\n<meta property=\"og:image\" content=\"https:\/\/cursosonline.sexducacion.com\/wp-content\/uploads\/2021\/12\/katarzyna-grabowska-oA1-rirIJ2E-unsplash-copia-scaled.jpg\" \/>\n\t<meta property=\"og:image:width\" content=\"2560\" \/>\n\t<meta property=\"og:image:height\" content=\"2560\" \/>\n\t<meta property=\"og:image:type\" content=\"image\/jpeg\" \/>\n<meta name=\"twitter:card\" content=\"summary_large_image\" \/>\n<meta name=\"twitter:site\" content=\"@sexducacion\" \/>\n<script type=\"application\/ld+json\" class=\"yoast-schema-graph\">{\"@context\":\"https:\\\/\\\/schema.org\",\"@graph\":[{\"@type\":\"WebPage\",\"@id\":\"https:\\\/\\\/cursosonline.sexducacion.com\\\/producto\\\/sex-o-no-sex\\\/\",\"url\":\"https:\\\/\\\/cursosonline.sexducacion.com\\\/producto\\\/sex-o-no-sex\\\/\",\"name\":\"Sex o no sex | Cursos Online Sexducacion\",\"isPartOf\":{\"@id\":\"https:\\\/\\\/cursosonline.sexducacion.com\\\/#website\"},\"primaryImageOfPage\":{\"@id\":\"https:\\\/\\\/cursosonline.sexducacion.com\\\/producto\\\/sex-o-no-sex\\\/#primaryimage\"},\"image\":{\"@id\":\"https:\\\/\\\/cursosonline.sexducacion.com\\\/producto\\\/sex-o-no-sex\\\/#primaryimage\"},\"thumbnailUrl\":\"https:\\\/\\\/i0.wp.com\\\/cursosonline.sexducacion.com\\\/wp-content\\\/uploads\\\/2021\\\/12\\\/katarzyna-grabowska-oA1-rirIJ2E-unsplash-copia-scaled.jpg?fit=2560%2C2560&ssl=1\",\"datePublished\":\"2022-01-20T16:15:38+00:00\",\"dateModified\":\"2022-03-16T10:40:00+00:00\",\"description\":\"Facilitaremos conocimientos, informaci\u00f3n y claves para acompa\u00f1ar la sexualidad de los adolescentes de manera respetuosa, placentera y libre de violencias.\",\"breadcrumb\":{\"@id\":\"https:\\\/\\\/cursosonline.sexducacion.com\\\/producto\\\/sex-o-no-sex\\\/#breadcrumb\"},\"inLanguage\":\"ca\",\"potentialAction\":[{\"@type\":\"ReadAction\",\"target\":[\"https:\\\/\\\/cursosonline.sexducacion.com\\\/producto\\\/sex-o-no-sex\\\/\"]}]},{\"@type\":\"ImageObject\",\"inLanguage\":\"ca\",\"@id\":\"https:\\\/\\\/cursosonline.sexducacion.com\\\/producto\\\/sex-o-no-sex\\\/#primaryimage\",\"url\":\"https:\\\/\\\/i0.wp.com\\\/cursosonline.sexducacion.com\\\/wp-content\\\/uploads\\\/2021\\\/12\\\/katarzyna-grabowska-oA1-rirIJ2E-unsplash-copia-scaled.jpg?fit=2560%2C2560&ssl=1\",\"contentUrl\":\"https:\\\/\\\/i0.wp.com\\\/cursosonline.sexducacion.com\\\/wp-content\\\/uploads\\\/2021\\\/12\\\/katarzyna-grabowska-oA1-rirIJ2E-unsplash-copia-scaled.jpg?fit=2560%2C2560&ssl=1\",\"width\":2560,\"height\":2560},{\"@type\":\"BreadcrumbList\",\"@id\":\"https:\\\/\\\/cursosonline.sexducacion.com\\\/producto\\\/sex-o-no-sex\\\/#breadcrumb\",\"itemListElement\":[{\"@type\":\"ListItem\",\"position\":1,\"name\":\"Inicio\",\"item\":\"https:\\\/\\\/cursosonline.sexducacion.com\\\/\"},{\"@type\":\"ListItem\",\"position\":2,\"name\":\"Cursos\",\"item\":\"https:\\\/\\\/cursosonline.sexducacion.com\\\/cursos\\\/\"},{\"@type\":\"ListItem\",\"position\":3,\"name\":\"Sex o no sex\"}]},{\"@type\":\"WebSite\",\"@id\":\"https:\\\/\\\/cursosonline.sexducacion.com\\\/#website\",\"url\":\"https:\\\/\\\/cursosonline.sexducacion.com\\\/\",\"name\":\"Cursos Online Sexducacion\",\"description\":\"Aqu\u00ed encontrar\u00e1s todos los cursos online de Sexducaci\u00f3n impartidos por Lupe Garc\u00eda.\",\"publisher\":{\"@id\":\"https:\\\/\\\/cursosonline.sexducacion.com\\\/#organization\"},\"potentialAction\":[{\"@type\":\"SearchAction\",\"target\":{\"@type\":\"EntryPoint\",\"urlTemplate\":\"https:\\\/\\\/cursosonline.sexducacion.com\\\/?s={search_term_string}\"},\"query-input\":{\"@type\":\"PropertyValueSpecification\",\"valueRequired\":true,\"valueName\":\"search_term_string\"}}],\"inLanguage\":\"ca\"},{\"@type\":\"Organization\",\"@id\":\"https:\\\/\\\/cursosonline.sexducacion.com\\\/#organization\",\"name\":\"Sexducacion Cursos Online\",\"url\":\"https:\\\/\\\/cursosonline.sexducacion.com\\\/\",\"logo\":{\"@type\":\"ImageObject\",\"inLanguage\":\"ca\",\"@id\":\"https:\\\/\\\/cursosonline.sexducacion.com\\\/#\\\/schema\\\/logo\\\/image\\\/\",\"url\":\"https:\\\/\\\/i0.wp.com\\\/cursosonline.sexducacion.com\\\/wp-content\\\/uploads\\\/2022\\\/02\\\/Recurso-5@2x.png?fit=1819%2C545&ssl=1\",\"contentUrl\":\"https:\\\/\\\/i0.wp.com\\\/cursosonline.sexducacion.com\\\/wp-content\\\/uploads\\\/2022\\\/02\\\/Recurso-5@2x.png?fit=1819%2C545&ssl=1\",\"width\":1819,\"height\":545,\"caption\":\"Sexducacion Cursos Online\"},\"image\":{\"@id\":\"https:\\\/\\\/cursosonline.sexducacion.com\\\/#\\\/schema\\\/logo\\\/image\\\/\"},\"sameAs\":[\"https:\\\/\\\/www.facebook.com\\\/sexducacion\",\"https:\\\/\\\/x.com\\\/sexducacion\",\"https:\\\/\\\/www.instagram.com\\\/sexducacion\\\/\",\"https:\\\/\\\/www.youtube.com\\\/channel\\\/UC-hN3q5SIaWqtgFOYL9rkTg\"]}]}<\/script>\n<!-- \/ Yoast SEO plugin. -->","yoast_head_json":{"title":"Sex o no sex | Cursos Online Sexducacion","description":"Facilitaremos conocimientos, informaci\u00f3n y claves para acompa\u00f1ar la sexualidad de los adolescentes de manera respetuosa, placentera y libre de violencias.","robots":{"index":"index","follow":"follow","max-snippet":"max-snippet:-1","max-image-preview":"max-image-preview:large","max-video-preview":"max-video-preview:-1"},"canonical":"https:\/\/cursosonline.sexducacion.com\/cat\/producte\/sex-o-no-sex\/","og_locale":"ca_ES","og_type":"article","og_title":"Sex o no sex | Cursos Online Sexducacion","og_description":"Facilitaremos conocimientos, informaci\u00f3n y claves para acompa\u00f1ar la sexualidad de los adolescentes de manera respetuosa, placentera y libre de violencias.","og_url":"https:\/\/cursosonline.sexducacion.com\/cat\/producte\/sex-o-no-sex\/","og_site_name":"Cursos Online Sexducacion","article_publisher":"https:\/\/www.facebook.com\/sexducacion","article_modified_time":"2022-03-16T10:40:00+00:00","og_image":[{"width":2560,"height":2560,"url":"https:\/\/cursosonline.sexducacion.com\/wp-content\/uploads\/2021\/12\/katarzyna-grabowska-oA1-rirIJ2E-unsplash-copia-scaled.jpg","type":"image\/jpeg"}],"twitter_card":"summary_large_image","twitter_site":"@sexducacion","schema":{"@context":"https:\/\/schema.org","@graph":[{"@type":"WebPage","@id":"https:\/\/cursosonline.sexducacion.com\/producto\/sex-o-no-sex\/","url":"https:\/\/cursosonline.sexducacion.com\/producto\/sex-o-no-sex\/","name":"Sex o no sex | Cursos Online Sexducacion","isPartOf":{"@id":"https:\/\/cursosonline.sexducacion.com\/#website"},"primaryImageOfPage":{"@id":"https:\/\/cursosonline.sexducacion.com\/producto\/sex-o-no-sex\/#primaryimage"},"image":{"@id":"https:\/\/cursosonline.sexducacion.com\/producto\/sex-o-no-sex\/#primaryimage"},"thumbnailUrl":"https:\/\/i0.wp.com\/cursosonline.sexducacion.com\/wp-content\/uploads\/2021\/12\/katarzyna-grabowska-oA1-rirIJ2E-unsplash-copia-scaled.jpg?fit=2560%2C2560&ssl=1","datePublished":"2022-01-20T16:15:38+00:00","dateModified":"2022-03-16T10:40:00+00:00","description":"Facilitaremos conocimientos, informaci\u00f3n y claves para acompa\u00f1ar la sexualidad de los adolescentes de manera respetuosa, placentera y libre de violencias.","breadcrumb":{"@id":"https:\/\/cursosonline.sexducacion.com\/producto\/sex-o-no-sex\/#breadcrumb"},"inLanguage":"ca","potentialAction":[{"@type":"ReadAction","target":["https:\/\/cursosonline.sexducacion.com\/producto\/sex-o-no-sex\/"]}]},{"@type":"ImageObject","inLanguage":"ca","@id":"https:\/\/cursosonline.sexducacion.com\/producto\/sex-o-no-sex\/#primaryimage","url":"https:\/\/i0.wp.com\/cursosonline.sexducacion.com\/wp-content\/uploads\/2021\/12\/katarzyna-grabowska-oA1-rirIJ2E-unsplash-copia-scaled.jpg?fit=2560%2C2560&ssl=1","contentUrl":"https:\/\/i0.wp.com\/cursosonline.sexducacion.com\/wp-content\/uploads\/2021\/12\/katarzyna-grabowska-oA1-rirIJ2E-unsplash-copia-scaled.jpg?fit=2560%2C2560&ssl=1","width":2560,"height":2560},{"@type":"BreadcrumbList","@id":"https:\/\/cursosonline.sexducacion.com\/producto\/sex-o-no-sex\/#breadcrumb","itemListElement":[{"@type":"ListItem","position":1,"name":"Inicio","item":"https:\/\/cursosonline.sexducacion.com\/"},{"@type":"ListItem","position":2,"name":"Cursos","item":"https:\/\/cursosonline.sexducacion.com\/cursos\/"},{"@type":"ListItem","position":3,"name":"Sex o no sex"}]},{"@type":"WebSite","@id":"https:\/\/cursosonline.sexducacion.com\/#website","url":"https:\/\/cursosonline.sexducacion.com\/","name":"Cursos Online Sexducacion","description":"Aqu\u00ed encontrar\u00e1s todos los cursos online de Sexducaci\u00f3n impartidos por Lupe Garc\u00eda.","publisher":{"@id":"https:\/\/cursosonline.sexducacion.com\/#organization"},"potentialAction":[{"@type":"SearchAction","target":{"@type":"EntryPoint","urlTemplate":"https:\/\/cursosonline.sexducacion.com\/?s={search_term_string}"},"query-input":{"@type":"PropertyValueSpecification","valueRequired":true,"valueName":"search_term_string"}}],"inLanguage":"ca"},{"@type":"Organization","@id":"https:\/\/cursosonline.sexducacion.com\/#organization","name":"Sexducacion Cursos Online","url":"https:\/\/cursosonline.sexducacion.com\/","logo":{"@type":"ImageObject","inLanguage":"ca","@id":"https:\/\/cursosonline.sexducacion.com\/#\/schema\/logo\/image\/","url":"https:\/\/i0.wp.com\/cursosonline.sexducacion.com\/wp-content\/uploads\/2022\/02\/Recurso-5@2x.png?fit=1819%2C545&ssl=1","contentUrl":"https:\/\/i0.wp.com\/cursosonline.sexducacion.com\/wp-content\/uploads\/2022\/02\/Recurso-5@2x.png?fit=1819%2C545&ssl=1","width":1819,"height":545,"caption":"Sexducacion Cursos Online"},"image":{"@id":"https:\/\/cursosonline.sexducacion.com\/#\/schema\/logo\/image\/"},"sameAs":["https:\/\/www.facebook.com\/sexducacion","https:\/\/x.com\/sexducacion","https:\/\/www.instagram.com\/sexducacion\/","https:\/\/www.youtube.com\/channel\/UC-hN3q5SIaWqtgFOYL9rkTg"]}]}},"jetpack_sharing_enabled":true,"_links":{"self":[{"href":"https:\/\/cursosonline.sexducacion.com\/cat\/wp-json\/wp\/v2\/product\/3036","targetHints":{"allow":["GET"]}}],"collection":[{"href":"https:\/\/cursosonline.sexducacion.com\/cat\/wp-json\/wp\/v2\/product"}],"about":[{"href":"https:\/\/cursosonline.sexducacion.com\/cat\/wp-json\/wp\/v2\/types\/product"}],"wp:featuredmedia":[{"embeddable":true,"href":"https:\/\/cursosonline.sexducacion.com\/cat\/wp-json\/wp\/v2\/media\/2984"}],"wp:attachment":[{"href":"https:\/\/cursosonline.sexducacion.com\/cat\/wp-json\/wp\/v2\/media?parent=3036"}],"wp:term":[{"taxonomy":"product_brand","embeddable":true,"href":"https:\/\/cursosonline.sexducacion.com\/cat\/wp-json\/wp\/v2\/product_brand?post=3036"},{"taxonomy":"product_cat","embeddable":true,"href":"https:\/\/cursosonline.sexducacion.com\/cat\/wp-json\/wp\/v2\/product_cat?post=3036"},{"taxonomy":"product_tag","embeddable":true,"href":"https:\/\/cursosonline.sexducacion.com\/cat\/wp-json\/wp\/v2\/product_tag?post=3036"}],"curies":[{"name":"wp","href":"https:\/\/api.w.org\/{rel}","templated":true}]}}