{"id":3641,"date":"2022-02-24T16:59:44","date_gmt":"2022-02-24T15:59:44","guid":{"rendered":"https:\/\/cursosonline.sexducacion.com\/?post_type=product&#038;p=3641"},"modified":"2023-08-01T09:53:31","modified_gmt":"2023-08-01T07:53:31","slug":"charla-sexualidad-preadolescencia","status":"publish","type":"product","link":"https:\/\/cursosonline.sexducacion.com\/cat\/product\/charla-sexualidad-preadolescencia\/","title":{"rendered":"Xerrada \u201cQu\u00e8 m'est\u00e0 passant?\u201d Parlar de sexualitat i amor entre els 7 i els 12 anys."},"content":{"rendered":"<p>[et_pb_section fb_built=&#8221;1&#8243; _builder_version=&#8221;3.22&#8243; custom_padding=&#8221;0px||||false|false&#8221; global_colors_info=&#8221;{}&#8221;][et_pb_row _builder_version=&#8221;3.25&#8243; background_size=&#8221;initial&#8221; background_position=&#8221;top_left&#8221; background_repeat=&#8221;repeat&#8221; width=&#8221;100%&#8221; custom_padding=&#8221;0px||0px||false|false&#8221; global_colors_info=&#8221;{}&#8221;][et_pb_column type=&#8221;4_4&#8243; _builder_version=&#8221;3.25&#8243; custom_padding=&#8221;|||&#8221; global_colors_info=&#8221;{}&#8221; custom_padding__hover=&#8221;|||&#8221;][et_pb_wc_breadcrumb _builder_version=&#8221;3.0.47&#8243; global_colors_info=&#8221;{}&#8221;][\/et_pb_wc_breadcrumb][et_pb_wc_cart_notice global_colors_info=&#8221;{}&#8221;][\/et_pb_wc_cart_notice][\/et_pb_column][\/et_pb_row][et_pb_row _builder_version=&#8221;3.25&#8243; background_size=&#8221;initial&#8221; background_position=&#8221;top_left&#8221; background_repeat=&#8221;repeat&#8221; width=&#8221;100%&#8221; custom_padding=&#8221;0px||||false|false&#8221; global_colors_info=&#8221;{}&#8221; column_structure=&#8221;1_2,1_2&#8243;][et_pb_column type=&#8221;1_2&#8243; _builder_version=&#8221;3.25&#8243; custom_padding=&#8221;|||&#8221; global_colors_info=&#8221;{}&#8221; custom_padding__hover=&#8221;|||&#8221;][et_pb_wc_images _builder_version=&#8221;3.0.47&#8243; global_colors_info=&#8221;{}&#8221;][\/et_pb_wc_images][\/et_pb_column][et_pb_column type=&#8221;1_2&#8243; _builder_version=&#8221;3.25&#8243; custom_padding=&#8221;|||&#8221; global_colors_info=&#8221;{}&#8221; custom_padding__hover=&#8221;|||&#8221;][et_pb_wc_title _builder_version=&#8221;3.0.47&#8243; global_colors_info=&#8221;{}&#8221;][\/et_pb_wc_title][et_pb_wc_rating _builder_version=&#8221;3.0.47&#8243; global_colors_info=&#8221;{}&#8221;][\/et_pb_wc_rating][et_pb_wc_price _builder_version=&#8221;3.0.47&#8243; global_colors_info=&#8221;{}&#8221;][\/et_pb_wc_price][et_pb_wc_description _builder_version=&#8221;3.0.47&#8243; global_colors_info=&#8221;{}&#8221;][\/et_pb_wc_description][et_pb_wc_add_to_cart global_colors_info=&#8221;{}&#8221;][\/et_pb_wc_add_to_cart][et_pb_wc_meta _builder_version=&#8221;3.0.47&#8243; global_colors_info=&#8221;{}&#8221;][\/et_pb_wc_meta][\/et_pb_column][\/et_pb_row][et_pb_row _builder_version=&#8221;3.25&#8243; background_size=&#8221;initial&#8221; background_position=&#8221;top_left&#8221; background_repeat=&#8221;repeat&#8221; width=&#8221;100%&#8221; global_colors_info=&#8221;{}&#8221;][et_pb_column type=&#8221;4_4&#8243; _builder_version=&#8221;3.25&#8243; custom_padding=&#8221;|||&#8221; global_colors_info=&#8221;{}&#8221; custom_padding__hover=&#8221;|||&#8221;][et_pb_wc_tabs _builder_version=&#8221;3.0.47&#8243; global_colors_info=&#8221;{}&#8221;]\t\t\t\t\t[\/et_pb_wc_tabs][et_pb_wc_upsells _builder_version=&#8221;3.0.47&#8243; global_colors_info=&#8221;{}&#8221;][\/et_pb_wc_upsells][et_pb_wc_related_products _builder_version=&#8221;3.0.47&#8243; global_colors_info=&#8221;{}&#8221;][\/et_pb_wc_related_products][\/et_pb_column][\/et_pb_row][\/et_pb_section]<\/p>\n","protected":false},"excerpt":{"rendered":"<p><span style=\"font-weight: 400;\">Qu\u00e8 cal que s\u00e0piguen a aquestes edats? <\/span><span style=\"font-weight: 400;\">I si no volen parlar del tema? <\/span><span style=\"font-weight: 400;\">A quina edat els he de parlar sobre la menstruaci\u00f3? <\/span><span style=\"font-weight: 400;\">I sobre l'esperm\u00e0quia? <\/span><span style=\"font-weight: 400;\">A quina edat es defineix l'orientaci\u00f3 sexual?<\/span><\/p>\n<p><span style=\"font-weight: 400;\">La meva filla s'estimula mentre veiem la televisi\u00f3 en fam\u00edlia i jo em sento inc\u00f2mode, qu\u00e8 faig? <\/span><span style=\"font-weight: 400;\">Qu\u00e8 volem explicar-los sobre els canvis f\u00edsics, psicosexuals i socials en aquesta etapa de la seva vida? <\/span><span style=\"font-weight: 400;\">I sobre el porno, tinc alguna cosa per explicar?<\/span><\/p>\n<p><span style=\"font-weight: 400;\">En aquesta <\/span>xerrada <span style=\"font-weight: 400;\">parlarem sobre all\u00f2 que \u00e9s important que s\u00e0piguen nenes i nens sobre aquesta etapa de la seva vida, facilitarem recursos i resoldrem dubtes per acompanyar-los en aquest proc\u00e9s de canvi.<\/span><\/p>\n<p><span style=\"font-weight: 400;\">Dirigit a fam\u00edlies, professionals i tota persona que interactu\u00ef amb inf\u00e0ncia.<\/span><\/p>\n<p><span style=\"font-weight: 400;\">A c\u00e0rrec de <a href=\"https:\/\/cursosonline.sexducacion.com\/cat\/formadores\/\">Lupe Garc\u00eda<\/a>, sex\u00f2loga i educadora.\u00a0<\/span><\/p>\n<p><em>La xerrada est\u00e0 gravada, no \u00e9s en directe. La durada de l\u2019acc\u00e9s a la xerrada ser\u00e0 de 6 mesos des de la data de la compra.<\/em><\/p>","protected":false},"featured_media":3642,"template":"","meta":{"_et_pb_use_builder":"on","_et_pb_old_content":"","_et_gb_content_width":""},"product_brand":[],"product_cat":[43],"product_tag":[],"class_list":{"0":"post-3641","1":"product","2":"type-product","3":"status-publish","4":"has-post-thumbnail","6":"product_cat-cursos-online","8":"first","9":"instock","10":"virtual","11":"sold-individually","12":"taxable","13":"purchasable","14":"product-type-course"},"yoast_head":"<!-- This site is optimized with the Yoast SEO plugin v27.4 - https:\/\/yoast.com\/product\/yoast-seo-wordpress\/ -->\n<title>Charla &#039;\u00bfQu\u00e9 me est\u00e1 pasando?&#039; Hablar de sexualidad y amor entre los 7 y los 12 a\u00f1os. | Cursos Online Sexducacion<\/title>\n<meta name=\"description\" content=\"En esta charla hablaremos sobre lo que es importante que sepan ni\u00f1as y ni\u00f1os sobre esta etapa de su vida, la adolescencia.\" \/>\n<meta name=\"robots\" content=\"index, follow, max-snippet:-1, max-image-preview:large, max-video-preview:-1\" \/>\n<link rel=\"canonical\" href=\"https:\/\/cursosonline.sexducacion.com\/cat\/producte\/charla-sexualidad-preadolescencia\/\" \/>\n<meta property=\"og:locale\" content=\"ca_ES\" \/>\n<meta property=\"og:type\" content=\"article\" \/>\n<meta property=\"og:title\" content=\"Charla &#039;\u00bfQu\u00e9 me est\u00e1 pasando?&#039; Hablar de sexualidad y amor entre los 7 y los 12 a\u00f1os. | Cursos Online Sexducacion\" \/>\n<meta property=\"og:description\" content=\"En esta charla hablaremos sobre lo que es importante que sepan ni\u00f1as y ni\u00f1os sobre esta etapa de su vida, la adolescencia.\" \/>\n<meta property=\"og:url\" content=\"https:\/\/cursosonline.sexducacion.com\/cat\/producte\/charla-sexualidad-preadolescencia\/\" \/>\n<meta property=\"og:site_name\" content=\"Cursos Online Sexducacion\" \/>\n<meta property=\"article:publisher\" content=\"https:\/\/www.facebook.com\/sexducacion\" \/>\n<meta property=\"article:modified_time\" content=\"2023-08-01T07:53:31+00:00\" \/>\n<meta property=\"og:image\" content=\"https:\/\/cursosonline.sexducacion.com\/wp-content\/uploads\/2022\/02\/2-Acompan\u0303ar-los-cambios-en-la-preadolescencia-1024x1024.png\" \/>\n\t<meta property=\"og:image:width\" content=\"1024\" \/>\n\t<meta property=\"og:image:height\" content=\"1024\" \/>\n\t<meta property=\"og:image:type\" content=\"image\/png\" \/>\n<meta name=\"twitter:card\" content=\"summary_large_image\" \/>\n<meta name=\"twitter:site\" content=\"@sexducacion\" \/>\n<script type=\"application\/ld+json\" class=\"yoast-schema-graph\">{\"@context\":\"https:\\\/\\\/schema.org\",\"@graph\":[{\"@type\":\"WebPage\",\"@id\":\"https:\\\/\\\/cursosonline.sexducacion.com\\\/producto\\\/charla-sexualidad-preadolescencia\\\/\",\"url\":\"https:\\\/\\\/cursosonline.sexducacion.com\\\/producto\\\/charla-sexualidad-preadolescencia\\\/\",\"name\":\"Charla '\u00bfQu\u00e9 me est\u00e1 pasando?' Hablar de sexualidad y amor entre los 7 y los 12 a\u00f1os. | Cursos Online Sexducacion\",\"isPartOf\":{\"@id\":\"https:\\\/\\\/cursosonline.sexducacion.com\\\/#website\"},\"primaryImageOfPage\":{\"@id\":\"https:\\\/\\\/cursosonline.sexducacion.com\\\/producto\\\/charla-sexualidad-preadolescencia\\\/#primaryimage\"},\"image\":{\"@id\":\"https:\\\/\\\/cursosonline.sexducacion.com\\\/producto\\\/charla-sexualidad-preadolescencia\\\/#primaryimage\"},\"thumbnailUrl\":\"https:\\\/\\\/i0.wp.com\\\/cursosonline.sexducacion.com\\\/wp-content\\\/uploads\\\/2022\\\/02\\\/2-Acompan%CC%83ar-los-cambios-en-la-preadolescencia.png?fit=2160%2C2160&ssl=1\",\"datePublished\":\"2022-02-24T15:59:44+00:00\",\"dateModified\":\"2023-08-01T07:53:31+00:00\",\"description\":\"En esta charla hablaremos sobre lo que es importante que sepan ni\u00f1as y ni\u00f1os sobre esta etapa de su vida, la adolescencia.\",\"breadcrumb\":{\"@id\":\"https:\\\/\\\/cursosonline.sexducacion.com\\\/producto\\\/charla-sexualidad-preadolescencia\\\/#breadcrumb\"},\"inLanguage\":\"ca\",\"potentialAction\":[{\"@type\":\"ReadAction\",\"target\":[\"https:\\\/\\\/cursosonline.sexducacion.com\\\/producto\\\/charla-sexualidad-preadolescencia\\\/\"]}]},{\"@type\":\"ImageObject\",\"inLanguage\":\"ca\",\"@id\":\"https:\\\/\\\/cursosonline.sexducacion.com\\\/producto\\\/charla-sexualidad-preadolescencia\\\/#primaryimage\",\"url\":\"https:\\\/\\\/i0.wp.com\\\/cursosonline.sexducacion.com\\\/wp-content\\\/uploads\\\/2022\\\/02\\\/2-Acompan%CC%83ar-los-cambios-en-la-preadolescencia.png?fit=2160%2C2160&ssl=1\",\"contentUrl\":\"https:\\\/\\\/i0.wp.com\\\/cursosonline.sexducacion.com\\\/wp-content\\\/uploads\\\/2022\\\/02\\\/2-Acompan%CC%83ar-los-cambios-en-la-preadolescencia.png?fit=2160%2C2160&ssl=1\",\"width\":2160,\"height\":2160},{\"@type\":\"BreadcrumbList\",\"@id\":\"https:\\\/\\\/cursosonline.sexducacion.com\\\/producto\\\/charla-sexualidad-preadolescencia\\\/#breadcrumb\",\"itemListElement\":[{\"@type\":\"ListItem\",\"position\":1,\"name\":\"Inicio\",\"item\":\"https:\\\/\\\/cursosonline.sexducacion.com\\\/\"},{\"@type\":\"ListItem\",\"position\":2,\"name\":\"Cursos\",\"item\":\"https:\\\/\\\/cursosonline.sexducacion.com\\\/cursos\\\/\"},{\"@type\":\"ListItem\",\"position\":3,\"name\":\"Charla &#8216;\u00bfQu\u00e9 me est\u00e1 pasando?&#8217; Hablar de sexualidad y amor entre los 7 y los 12 a\u00f1os.\"}]},{\"@type\":\"WebSite\",\"@id\":\"https:\\\/\\\/cursosonline.sexducacion.com\\\/#website\",\"url\":\"https:\\\/\\\/cursosonline.sexducacion.com\\\/\",\"name\":\"Cursos Online Sexducacion\",\"description\":\"Aqu\u00ed encontrar\u00e1s todos los cursos online de Sexducaci\u00f3n impartidos por Lupe Garc\u00eda.\",\"publisher\":{\"@id\":\"https:\\\/\\\/cursosonline.sexducacion.com\\\/#organization\"},\"potentialAction\":[{\"@type\":\"SearchAction\",\"target\":{\"@type\":\"EntryPoint\",\"urlTemplate\":\"https:\\\/\\\/cursosonline.sexducacion.com\\\/?s={search_term_string}\"},\"query-input\":{\"@type\":\"PropertyValueSpecification\",\"valueRequired\":true,\"valueName\":\"search_term_string\"}}],\"inLanguage\":\"ca\"},{\"@type\":\"Organization\",\"@id\":\"https:\\\/\\\/cursosonline.sexducacion.com\\\/#organization\",\"name\":\"Sexducacion Cursos Online\",\"url\":\"https:\\\/\\\/cursosonline.sexducacion.com\\\/\",\"logo\":{\"@type\":\"ImageObject\",\"inLanguage\":\"ca\",\"@id\":\"https:\\\/\\\/cursosonline.sexducacion.com\\\/#\\\/schema\\\/logo\\\/image\\\/\",\"url\":\"https:\\\/\\\/i0.wp.com\\\/cursosonline.sexducacion.com\\\/wp-content\\\/uploads\\\/2022\\\/02\\\/Recurso-5@2x.png?fit=1819%2C545&ssl=1\",\"contentUrl\":\"https:\\\/\\\/i0.wp.com\\\/cursosonline.sexducacion.com\\\/wp-content\\\/uploads\\\/2022\\\/02\\\/Recurso-5@2x.png?fit=1819%2C545&ssl=1\",\"width\":1819,\"height\":545,\"caption\":\"Sexducacion Cursos Online\"},\"image\":{\"@id\":\"https:\\\/\\\/cursosonline.sexducacion.com\\\/#\\\/schema\\\/logo\\\/image\\\/\"},\"sameAs\":[\"https:\\\/\\\/www.facebook.com\\\/sexducacion\",\"https:\\\/\\\/x.com\\\/sexducacion\",\"https:\\\/\\\/www.instagram.com\\\/sexducacion\\\/\",\"https:\\\/\\\/www.youtube.com\\\/channel\\\/UC-hN3q5SIaWqtgFOYL9rkTg\"]}]}<\/script>\n<!-- \/ Yoast SEO plugin. -->","yoast_head_json":{"title":"Charla '\u00bfQu\u00e9 me est\u00e1 pasando?' Hablar de sexualidad y amor entre los 7 y los 12 a\u00f1os. | Cursos Online Sexducacion","description":"En esta charla hablaremos sobre lo que es importante que sepan ni\u00f1as y ni\u00f1os sobre esta etapa de su vida, la adolescencia.","robots":{"index":"index","follow":"follow","max-snippet":"max-snippet:-1","max-image-preview":"max-image-preview:large","max-video-preview":"max-video-preview:-1"},"canonical":"https:\/\/cursosonline.sexducacion.com\/cat\/producte\/charla-sexualidad-preadolescencia\/","og_locale":"ca_ES","og_type":"article","og_title":"Charla '\u00bfQu\u00e9 me est\u00e1 pasando?' Hablar de sexualidad y amor entre los 7 y los 12 a\u00f1os. | Cursos Online Sexducacion","og_description":"En esta charla hablaremos sobre lo que es importante que sepan ni\u00f1as y ni\u00f1os sobre esta etapa de su vida, la adolescencia.","og_url":"https:\/\/cursosonline.sexducacion.com\/cat\/producte\/charla-sexualidad-preadolescencia\/","og_site_name":"Cursos Online Sexducacion","article_publisher":"https:\/\/www.facebook.com\/sexducacion","article_modified_time":"2023-08-01T07:53:31+00:00","og_image":[{"width":1024,"height":1024,"url":"https:\/\/cursosonline.sexducacion.com\/wp-content\/uploads\/2022\/02\/2-Acompan\u0303ar-los-cambios-en-la-preadolescencia-1024x1024.png","type":"image\/png"}],"twitter_card":"summary_large_image","twitter_site":"@sexducacion","schema":{"@context":"https:\/\/schema.org","@graph":[{"@type":"WebPage","@id":"https:\/\/cursosonline.sexducacion.com\/producto\/charla-sexualidad-preadolescencia\/","url":"https:\/\/cursosonline.sexducacion.com\/producto\/charla-sexualidad-preadolescencia\/","name":"Charla '\u00bfQu\u00e9 me est\u00e1 pasando?' Hablar de sexualidad y amor entre los 7 y los 12 a\u00f1os. | Cursos Online Sexducacion","isPartOf":{"@id":"https:\/\/cursosonline.sexducacion.com\/#website"},"primaryImageOfPage":{"@id":"https:\/\/cursosonline.sexducacion.com\/producto\/charla-sexualidad-preadolescencia\/#primaryimage"},"image":{"@id":"https:\/\/cursosonline.sexducacion.com\/producto\/charla-sexualidad-preadolescencia\/#primaryimage"},"thumbnailUrl":"https:\/\/i0.wp.com\/cursosonline.sexducacion.com\/wp-content\/uploads\/2022\/02\/2-Acompan%CC%83ar-los-cambios-en-la-preadolescencia.png?fit=2160%2C2160&ssl=1","datePublished":"2022-02-24T15:59:44+00:00","dateModified":"2023-08-01T07:53:31+00:00","description":"En esta charla hablaremos sobre lo que es importante que sepan ni\u00f1as y ni\u00f1os sobre esta etapa de su vida, la adolescencia.","breadcrumb":{"@id":"https:\/\/cursosonline.sexducacion.com\/producto\/charla-sexualidad-preadolescencia\/#breadcrumb"},"inLanguage":"ca","potentialAction":[{"@type":"ReadAction","target":["https:\/\/cursosonline.sexducacion.com\/producto\/charla-sexualidad-preadolescencia\/"]}]},{"@type":"ImageObject","inLanguage":"ca","@id":"https:\/\/cursosonline.sexducacion.com\/producto\/charla-sexualidad-preadolescencia\/#primaryimage","url":"https:\/\/i0.wp.com\/cursosonline.sexducacion.com\/wp-content\/uploads\/2022\/02\/2-Acompan%CC%83ar-los-cambios-en-la-preadolescencia.png?fit=2160%2C2160&ssl=1","contentUrl":"https:\/\/i0.wp.com\/cursosonline.sexducacion.com\/wp-content\/uploads\/2022\/02\/2-Acompan%CC%83ar-los-cambios-en-la-preadolescencia.png?fit=2160%2C2160&ssl=1","width":2160,"height":2160},{"@type":"BreadcrumbList","@id":"https:\/\/cursosonline.sexducacion.com\/producto\/charla-sexualidad-preadolescencia\/#breadcrumb","itemListElement":[{"@type":"ListItem","position":1,"name":"Inicio","item":"https:\/\/cursosonline.sexducacion.com\/"},{"@type":"ListItem","position":2,"name":"Cursos","item":"https:\/\/cursosonline.sexducacion.com\/cursos\/"},{"@type":"ListItem","position":3,"name":"Charla &#8216;\u00bfQu\u00e9 me est\u00e1 pasando?&#8217; Hablar de sexualidad y amor entre los 7 y los 12 a\u00f1os."}]},{"@type":"WebSite","@id":"https:\/\/cursosonline.sexducacion.com\/#website","url":"https:\/\/cursosonline.sexducacion.com\/","name":"Cursos Online Sexducacion","description":"Aqu\u00ed encontrar\u00e1s todos los cursos online de Sexducaci\u00f3n impartidos por Lupe Garc\u00eda.","publisher":{"@id":"https:\/\/cursosonline.sexducacion.com\/#organization"},"potentialAction":[{"@type":"SearchAction","target":{"@type":"EntryPoint","urlTemplate":"https:\/\/cursosonline.sexducacion.com\/?s={search_term_string}"},"query-input":{"@type":"PropertyValueSpecification","valueRequired":true,"valueName":"search_term_string"}}],"inLanguage":"ca"},{"@type":"Organization","@id":"https:\/\/cursosonline.sexducacion.com\/#organization","name":"Sexducacion Cursos Online","url":"https:\/\/cursosonline.sexducacion.com\/","logo":{"@type":"ImageObject","inLanguage":"ca","@id":"https:\/\/cursosonline.sexducacion.com\/#\/schema\/logo\/image\/","url":"https:\/\/i0.wp.com\/cursosonline.sexducacion.com\/wp-content\/uploads\/2022\/02\/Recurso-5@2x.png?fit=1819%2C545&ssl=1","contentUrl":"https:\/\/i0.wp.com\/cursosonline.sexducacion.com\/wp-content\/uploads\/2022\/02\/Recurso-5@2x.png?fit=1819%2C545&ssl=1","width":1819,"height":545,"caption":"Sexducacion Cursos Online"},"image":{"@id":"https:\/\/cursosonline.sexducacion.com\/#\/schema\/logo\/image\/"},"sameAs":["https:\/\/www.facebook.com\/sexducacion","https:\/\/x.com\/sexducacion","https:\/\/www.instagram.com\/sexducacion\/","https:\/\/www.youtube.com\/channel\/UC-hN3q5SIaWqtgFOYL9rkTg"]}]}},"jetpack_sharing_enabled":true,"_links":{"self":[{"href":"https:\/\/cursosonline.sexducacion.com\/cat\/wp-json\/wp\/v2\/product\/3641","targetHints":{"allow":["GET"]}}],"collection":[{"href":"https:\/\/cursosonline.sexducacion.com\/cat\/wp-json\/wp\/v2\/product"}],"about":[{"href":"https:\/\/cursosonline.sexducacion.com\/cat\/wp-json\/wp\/v2\/types\/product"}],"wp:featuredmedia":[{"embeddable":true,"href":"https:\/\/cursosonline.sexducacion.com\/cat\/wp-json\/wp\/v2\/media\/3642"}],"wp:attachment":[{"href":"https:\/\/cursosonline.sexducacion.com\/cat\/wp-json\/wp\/v2\/media?parent=3641"}],"wp:term":[{"taxonomy":"product_brand","embeddable":true,"href":"https:\/\/cursosonline.sexducacion.com\/cat\/wp-json\/wp\/v2\/product_brand?post=3641"},{"taxonomy":"product_cat","embeddable":true,"href":"https:\/\/cursosonline.sexducacion.com\/cat\/wp-json\/wp\/v2\/product_cat?post=3641"},{"taxonomy":"product_tag","embeddable":true,"href":"https:\/\/cursosonline.sexducacion.com\/cat\/wp-json\/wp\/v2\/product_tag?post=3641"}],"curies":[{"name":"wp","href":"https:\/\/api.w.org\/{rel}","templated":true}]}}