{"id":3645,"date":"2022-02-24T17:13:10","date_gmt":"2022-02-24T16:13:10","guid":{"rendered":"https:\/\/cursosonline.sexducacion.com\/?post_type=product&#038;p=3645"},"modified":"2023-12-11T10:00:17","modified_gmt":"2023-12-11T09:00:17","slug":"directo-porno-educacion-sexual","status":"publish","type":"product","link":"https:\/\/cursosonline.sexducacion.com\/cat\/product\/directo-porno-educacion-sexual\/","title":{"rendered":"Xerrada \u2018M\u00e9s enll\u00e0 del porno\u2019"},"content":{"rendered":"","protected":false},"excerpt":{"rendered":"<div>Els continguts de sexe expl\u00edcit a internet s\u2019estan convertint per a molta gent jove en un espai on mirar, veure i \"aprendre\" sobre sexe, amb el desconcert, la frustraci\u00f3 i les idees falses que aix\u00f2 genera.<\/div>\n<div>Amb la intenci\u00f3 d'orientar les fam\u00edlies i resoldre dubtes, hem preparat aquesta xerrada on parlem sobre\u00a0<b>com ajudar les noies i els nois perqu\u00e8 visquin una sexualitat sana, segura i plaent, lluny de la dictadura del porno.<\/b><\/div>\n<div><span style=\"color: #333333; font-family: Open Sans, sans-serif;\"><b><br \/>\n<\/b><\/span><\/p>\n<div>Dirigida a fam\u00edlies, professionals i tota persona que interactu\u00ef amb inf\u00e0ncia i adolesc\u00e8ncia.<\/div>\n<div>A cura de Lupe Garc\u00eda, sex\u00f2loga i educadora.<\/div>\n<div><\/div>\n<\/div>\n<div>\n<div><em>*La xerrada est\u00e0 gravada, no \u00e9s en directe i dura 1 hora. L\u2019acc\u00e9s a la xerrada ser\u00e0 de 6 mesos des de la data de compra.<\/em><\/div>\n<\/div>","protected":false},"featured_media":4994,"template":"","meta":{"_et_pb_use_builder":"","_et_pb_old_content":"","_et_gb_content_width":""},"product_brand":[],"product_cat":[43],"product_tag":[],"class_list":{"0":"post-3645","1":"product","2":"type-product","3":"status-publish","4":"has-post-thumbnail","6":"product_cat-cursos-online","8":"first","9":"instock","10":"virtual","11":"sold-individually","12":"taxable","13":"purchasable","14":"product-type-course"},"yoast_head":"<!-- This site is optimized with the Yoast SEO plugin v27.4 - https:\/\/yoast.com\/product\/yoast-seo-wordpress\/ -->\n<title>Charla &#039;M\u00e1s all\u00e1 del porno&#039; | Cursos Online Sexducacion<\/title>\n<meta name=\"description\" content=\"En esta charla hablaremos sobre c\u00f3mo ayudar a que chicxs vivan una sexualidad sana, segura y placentera lejos de la dictadura del porno.\" \/>\n<meta name=\"robots\" content=\"index, follow, max-snippet:-1, max-image-preview:large, max-video-preview:-1\" \/>\n<link rel=\"canonical\" href=\"https:\/\/cursosonline.sexducacion.com\/cat\/producte\/directo-porno-educacion-sexual\/\" \/>\n<meta property=\"og:locale\" content=\"ca_ES\" \/>\n<meta property=\"og:type\" content=\"article\" \/>\n<meta property=\"og:title\" content=\"Charla &#039;M\u00e1s all\u00e1 del porno&#039; | Cursos Online Sexducacion\" \/>\n<meta property=\"og:description\" content=\"En esta charla hablaremos sobre c\u00f3mo ayudar a que chicxs vivan una sexualidad sana, segura y placentera lejos de la dictadura del porno.\" \/>\n<meta property=\"og:url\" content=\"https:\/\/cursosonline.sexducacion.com\/cat\/producte\/directo-porno-educacion-sexual\/\" \/>\n<meta property=\"og:site_name\" content=\"Cursos Online Sexducacion\" \/>\n<meta property=\"article:publisher\" content=\"https:\/\/www.facebook.com\/sexducacion\" \/>\n<meta property=\"article:modified_time\" content=\"2023-12-11T09:00:17+00:00\" \/>\n<meta property=\"og:image\" content=\"https:\/\/cursosonline.sexducacion.com\/wp-content\/uploads\/2022\/02\/es-el-porno-la-educacion-sexual-de-XII-e1681745894965.png\" \/>\n\t<meta property=\"og:image:width\" content=\"1620\" \/>\n\t<meta property=\"og:image:height\" content=\"1215\" \/>\n\t<meta property=\"og:image:type\" content=\"image\/png\" \/>\n<meta name=\"twitter:card\" content=\"summary_large_image\" \/>\n<meta name=\"twitter:site\" content=\"@sexducacion\" \/>\n<script type=\"application\/ld+json\" class=\"yoast-schema-graph\">{\"@context\":\"https:\\\/\\\/schema.org\",\"@graph\":[{\"@type\":\"WebPage\",\"@id\":\"https:\\\/\\\/cursosonline.sexducacion.com\\\/producto\\\/directo-porno-educacion-sexual\\\/\",\"url\":\"https:\\\/\\\/cursosonline.sexducacion.com\\\/producto\\\/directo-porno-educacion-sexual\\\/\",\"name\":\"Charla 'M\u00e1s all\u00e1 del porno' | Cursos Online Sexducacion\",\"isPartOf\":{\"@id\":\"https:\\\/\\\/cursosonline.sexducacion.com\\\/#website\"},\"primaryImageOfPage\":{\"@id\":\"https:\\\/\\\/cursosonline.sexducacion.com\\\/producto\\\/directo-porno-educacion-sexual\\\/#primaryimage\"},\"image\":{\"@id\":\"https:\\\/\\\/cursosonline.sexducacion.com\\\/producto\\\/directo-porno-educacion-sexual\\\/#primaryimage\"},\"thumbnailUrl\":\"https:\\\/\\\/i0.wp.com\\\/cursosonline.sexducacion.com\\\/wp-content\\\/uploads\\\/2022\\\/02\\\/es-el-porno-la-educacion-sexual-de-XII-e1681745894965.png?fit=1620%2C1215&ssl=1\",\"datePublished\":\"2022-02-24T16:13:10+00:00\",\"dateModified\":\"2023-12-11T09:00:17+00:00\",\"description\":\"En esta charla hablaremos sobre c\u00f3mo ayudar a que chicxs vivan una sexualidad sana, segura y placentera lejos de la dictadura del porno.\",\"breadcrumb\":{\"@id\":\"https:\\\/\\\/cursosonline.sexducacion.com\\\/producto\\\/directo-porno-educacion-sexual\\\/#breadcrumb\"},\"inLanguage\":\"ca\",\"potentialAction\":[{\"@type\":\"ReadAction\",\"target\":[\"https:\\\/\\\/cursosonline.sexducacion.com\\\/producto\\\/directo-porno-educacion-sexual\\\/\"]}]},{\"@type\":\"ImageObject\",\"inLanguage\":\"ca\",\"@id\":\"https:\\\/\\\/cursosonline.sexducacion.com\\\/producto\\\/directo-porno-educacion-sexual\\\/#primaryimage\",\"url\":\"https:\\\/\\\/i0.wp.com\\\/cursosonline.sexducacion.com\\\/wp-content\\\/uploads\\\/2022\\\/02\\\/es-el-porno-la-educacion-sexual-de-XII-e1681745894965.png?fit=1620%2C1215&ssl=1\",\"contentUrl\":\"https:\\\/\\\/i0.wp.com\\\/cursosonline.sexducacion.com\\\/wp-content\\\/uploads\\\/2022\\\/02\\\/es-el-porno-la-educacion-sexual-de-XII-e1681745894965.png?fit=1620%2C1215&ssl=1\",\"width\":1620,\"height\":1215},{\"@type\":\"BreadcrumbList\",\"@id\":\"https:\\\/\\\/cursosonline.sexducacion.com\\\/producto\\\/directo-porno-educacion-sexual\\\/#breadcrumb\",\"itemListElement\":[{\"@type\":\"ListItem\",\"position\":1,\"name\":\"Inicio\",\"item\":\"https:\\\/\\\/cursosonline.sexducacion.com\\\/\"},{\"@type\":\"ListItem\",\"position\":2,\"name\":\"Cursos\",\"item\":\"https:\\\/\\\/cursosonline.sexducacion.com\\\/cursos\\\/\"},{\"@type\":\"ListItem\",\"position\":3,\"name\":\"Charla &#8216;M\u00e1s all\u00e1 del porno&#8217;\"}]},{\"@type\":\"WebSite\",\"@id\":\"https:\\\/\\\/cursosonline.sexducacion.com\\\/#website\",\"url\":\"https:\\\/\\\/cursosonline.sexducacion.com\\\/\",\"name\":\"Cursos Online Sexducacion\",\"description\":\"Aqu\u00ed encontrar\u00e1s todos los cursos online de Sexducaci\u00f3n impartidos por Lupe Garc\u00eda.\",\"publisher\":{\"@id\":\"https:\\\/\\\/cursosonline.sexducacion.com\\\/#organization\"},\"potentialAction\":[{\"@type\":\"SearchAction\",\"target\":{\"@type\":\"EntryPoint\",\"urlTemplate\":\"https:\\\/\\\/cursosonline.sexducacion.com\\\/?s={search_term_string}\"},\"query-input\":{\"@type\":\"PropertyValueSpecification\",\"valueRequired\":true,\"valueName\":\"search_term_string\"}}],\"inLanguage\":\"ca\"},{\"@type\":\"Organization\",\"@id\":\"https:\\\/\\\/cursosonline.sexducacion.com\\\/#organization\",\"name\":\"Sexducacion Cursos Online\",\"url\":\"https:\\\/\\\/cursosonline.sexducacion.com\\\/\",\"logo\":{\"@type\":\"ImageObject\",\"inLanguage\":\"ca\",\"@id\":\"https:\\\/\\\/cursosonline.sexducacion.com\\\/#\\\/schema\\\/logo\\\/image\\\/\",\"url\":\"https:\\\/\\\/i0.wp.com\\\/cursosonline.sexducacion.com\\\/wp-content\\\/uploads\\\/2022\\\/02\\\/Recurso-5@2x.png?fit=1819%2C545&ssl=1\",\"contentUrl\":\"https:\\\/\\\/i0.wp.com\\\/cursosonline.sexducacion.com\\\/wp-content\\\/uploads\\\/2022\\\/02\\\/Recurso-5@2x.png?fit=1819%2C545&ssl=1\",\"width\":1819,\"height\":545,\"caption\":\"Sexducacion Cursos Online\"},\"image\":{\"@id\":\"https:\\\/\\\/cursosonline.sexducacion.com\\\/#\\\/schema\\\/logo\\\/image\\\/\"},\"sameAs\":[\"https:\\\/\\\/www.facebook.com\\\/sexducacion\",\"https:\\\/\\\/x.com\\\/sexducacion\",\"https:\\\/\\\/www.instagram.com\\\/sexducacion\\\/\",\"https:\\\/\\\/www.youtube.com\\\/channel\\\/UC-hN3q5SIaWqtgFOYL9rkTg\"]}]}<\/script>\n<!-- \/ Yoast SEO plugin. -->","yoast_head_json":{"title":"Charla 'M\u00e1s all\u00e1 del porno' | Cursos Online Sexducacion","description":"En esta charla hablaremos sobre c\u00f3mo ayudar a que chicxs vivan una sexualidad sana, segura y placentera lejos de la dictadura del porno.","robots":{"index":"index","follow":"follow","max-snippet":"max-snippet:-1","max-image-preview":"max-image-preview:large","max-video-preview":"max-video-preview:-1"},"canonical":"https:\/\/cursosonline.sexducacion.com\/cat\/producte\/directo-porno-educacion-sexual\/","og_locale":"ca_ES","og_type":"article","og_title":"Charla 'M\u00e1s all\u00e1 del porno' | Cursos Online Sexducacion","og_description":"En esta charla hablaremos sobre c\u00f3mo ayudar a que chicxs vivan una sexualidad sana, segura y placentera lejos de la dictadura del porno.","og_url":"https:\/\/cursosonline.sexducacion.com\/cat\/producte\/directo-porno-educacion-sexual\/","og_site_name":"Cursos Online Sexducacion","article_publisher":"https:\/\/www.facebook.com\/sexducacion","article_modified_time":"2023-12-11T09:00:17+00:00","og_image":[{"width":1620,"height":1215,"url":"https:\/\/cursosonline.sexducacion.com\/wp-content\/uploads\/2022\/02\/es-el-porno-la-educacion-sexual-de-XII-e1681745894965.png","type":"image\/png"}],"twitter_card":"summary_large_image","twitter_site":"@sexducacion","schema":{"@context":"https:\/\/schema.org","@graph":[{"@type":"WebPage","@id":"https:\/\/cursosonline.sexducacion.com\/producto\/directo-porno-educacion-sexual\/","url":"https:\/\/cursosonline.sexducacion.com\/producto\/directo-porno-educacion-sexual\/","name":"Charla 'M\u00e1s all\u00e1 del porno' | Cursos Online Sexducacion","isPartOf":{"@id":"https:\/\/cursosonline.sexducacion.com\/#website"},"primaryImageOfPage":{"@id":"https:\/\/cursosonline.sexducacion.com\/producto\/directo-porno-educacion-sexual\/#primaryimage"},"image":{"@id":"https:\/\/cursosonline.sexducacion.com\/producto\/directo-porno-educacion-sexual\/#primaryimage"},"thumbnailUrl":"https:\/\/i0.wp.com\/cursosonline.sexducacion.com\/wp-content\/uploads\/2022\/02\/es-el-porno-la-educacion-sexual-de-XII-e1681745894965.png?fit=1620%2C1215&ssl=1","datePublished":"2022-02-24T16:13:10+00:00","dateModified":"2023-12-11T09:00:17+00:00","description":"En esta charla hablaremos sobre c\u00f3mo ayudar a que chicxs vivan una sexualidad sana, segura y placentera lejos de la dictadura del porno.","breadcrumb":{"@id":"https:\/\/cursosonline.sexducacion.com\/producto\/directo-porno-educacion-sexual\/#breadcrumb"},"inLanguage":"ca","potentialAction":[{"@type":"ReadAction","target":["https:\/\/cursosonline.sexducacion.com\/producto\/directo-porno-educacion-sexual\/"]}]},{"@type":"ImageObject","inLanguage":"ca","@id":"https:\/\/cursosonline.sexducacion.com\/producto\/directo-porno-educacion-sexual\/#primaryimage","url":"https:\/\/i0.wp.com\/cursosonline.sexducacion.com\/wp-content\/uploads\/2022\/02\/es-el-porno-la-educacion-sexual-de-XII-e1681745894965.png?fit=1620%2C1215&ssl=1","contentUrl":"https:\/\/i0.wp.com\/cursosonline.sexducacion.com\/wp-content\/uploads\/2022\/02\/es-el-porno-la-educacion-sexual-de-XII-e1681745894965.png?fit=1620%2C1215&ssl=1","width":1620,"height":1215},{"@type":"BreadcrumbList","@id":"https:\/\/cursosonline.sexducacion.com\/producto\/directo-porno-educacion-sexual\/#breadcrumb","itemListElement":[{"@type":"ListItem","position":1,"name":"Inicio","item":"https:\/\/cursosonline.sexducacion.com\/"},{"@type":"ListItem","position":2,"name":"Cursos","item":"https:\/\/cursosonline.sexducacion.com\/cursos\/"},{"@type":"ListItem","position":3,"name":"Charla &#8216;M\u00e1s all\u00e1 del porno&#8217;"}]},{"@type":"WebSite","@id":"https:\/\/cursosonline.sexducacion.com\/#website","url":"https:\/\/cursosonline.sexducacion.com\/","name":"Cursos Online Sexducacion","description":"Aqu\u00ed encontrar\u00e1s todos los cursos online de Sexducaci\u00f3n impartidos por Lupe Garc\u00eda.","publisher":{"@id":"https:\/\/cursosonline.sexducacion.com\/#organization"},"potentialAction":[{"@type":"SearchAction","target":{"@type":"EntryPoint","urlTemplate":"https:\/\/cursosonline.sexducacion.com\/?s={search_term_string}"},"query-input":{"@type":"PropertyValueSpecification","valueRequired":true,"valueName":"search_term_string"}}],"inLanguage":"ca"},{"@type":"Organization","@id":"https:\/\/cursosonline.sexducacion.com\/#organization","name":"Sexducacion Cursos Online","url":"https:\/\/cursosonline.sexducacion.com\/","logo":{"@type":"ImageObject","inLanguage":"ca","@id":"https:\/\/cursosonline.sexducacion.com\/#\/schema\/logo\/image\/","url":"https:\/\/i0.wp.com\/cursosonline.sexducacion.com\/wp-content\/uploads\/2022\/02\/Recurso-5@2x.png?fit=1819%2C545&ssl=1","contentUrl":"https:\/\/i0.wp.com\/cursosonline.sexducacion.com\/wp-content\/uploads\/2022\/02\/Recurso-5@2x.png?fit=1819%2C545&ssl=1","width":1819,"height":545,"caption":"Sexducacion Cursos Online"},"image":{"@id":"https:\/\/cursosonline.sexducacion.com\/#\/schema\/logo\/image\/"},"sameAs":["https:\/\/www.facebook.com\/sexducacion","https:\/\/x.com\/sexducacion","https:\/\/www.instagram.com\/sexducacion\/","https:\/\/www.youtube.com\/channel\/UC-hN3q5SIaWqtgFOYL9rkTg"]}]}},"jetpack_sharing_enabled":true,"_links":{"self":[{"href":"https:\/\/cursosonline.sexducacion.com\/cat\/wp-json\/wp\/v2\/product\/3645","targetHints":{"allow":["GET"]}}],"collection":[{"href":"https:\/\/cursosonline.sexducacion.com\/cat\/wp-json\/wp\/v2\/product"}],"about":[{"href":"https:\/\/cursosonline.sexducacion.com\/cat\/wp-json\/wp\/v2\/types\/product"}],"wp:featuredmedia":[{"embeddable":true,"href":"https:\/\/cursosonline.sexducacion.com\/cat\/wp-json\/wp\/v2\/media\/4994"}],"wp:attachment":[{"href":"https:\/\/cursosonline.sexducacion.com\/cat\/wp-json\/wp\/v2\/media?parent=3645"}],"wp:term":[{"taxonomy":"product_brand","embeddable":true,"href":"https:\/\/cursosonline.sexducacion.com\/cat\/wp-json\/wp\/v2\/product_brand?post=3645"},{"taxonomy":"product_cat","embeddable":true,"href":"https:\/\/cursosonline.sexducacion.com\/cat\/wp-json\/wp\/v2\/product_cat?post=3645"},{"taxonomy":"product_tag","embeddable":true,"href":"https:\/\/cursosonline.sexducacion.com\/cat\/wp-json\/wp\/v2\/product_tag?post=3645"}],"curies":[{"name":"wp","href":"https:\/\/api.w.org\/{rel}","templated":true}]}}